{"id":399,"date":"2026-01-15T22:57:07","date_gmt":"2026-01-15T22:57:07","guid":{"rendered":"https:\/\/golfbwneu20267188.live-website.com\/?page_id=399"},"modified":"2026-03-29T13:50:30","modified_gmt":"2026-03-29T13:50:30","slug":"unser-team","status":"publish","type":"page","link":"https:\/\/golf-bw.de\/en\/unser-team\/","title":{"rendered":"Our Team"},"content":{"rendered":"<section class=\"golf-card golf-award-card\">\n  <header class=\"golf-card-head\">\n    <h2 class=\"golf-card-title\">Our office team<\/h2>\n  <\/header>\n\n  <div class=\"golf-award-grid\">\n    <!-- LEFT: Text -->\n    <div class=\"golf-award-text\">\n      <p>\nThe heart of the golf club is our ladies in the office. This is where everything comes together, and it\u2019s from here that new ideas are generated for the board.\n\nNo matter what concerns or issues guests or members bring to them, they will always find someone who handles their duties with competence and passion. \n      <\/p>\n\n      <p class=\"translation-block\">As team leader and full-time staff member, <strong>Gerti Dworschak<\/strong> manages the administrative work, while <strong>Tanja Mohr<\/strong> and <strong>Norbert Olsen<\/strong> (temporary staff) round out the team.<\/p>\n\n      <\/div>\n\n    <!-- RIGHT: Image + caption -->\n    <figure class=\"golf-award-media\">\n      <img decoding=\"async\" src=\"\/wp-content\/uploads\/2026\/02\/30J_Jubilaeum_Dw_Mo_Juni-Juli2022-1920w.jpg\" alt=\"Sekretariat\">\n    <\/figure>\n  <\/div>\n<\/br>\n  <!-- Footer: Download button -->\n  <footer class=\"golf-award-footer\">\n    <a class=\"golf-award-btn\" href=\"\/en\/kontakt\/\" rel=\"noopener\">\n      Contact Us\n    <\/a>\n  <\/footer>\n<\/section>\n\n\n\n<section class=\"story-section\">\n  <header class=\"story-section-head\">\n    <h2 class=\"story-section-title\">Presidents<\/h2>\n    <p class=\"story-section-subtitle\">\n      Two presidents \u2013 one goal\n    <\/p>\n  <\/header>\n\n  <div class=\"story-slider swiper\">\n    <div class=\"swiper-wrapper\">\n\n      <!-- Slide 1 -->\n      <div class=\"swiper-slide\">\n        <figure class=\"story-image\">\n          <img decoding=\"async\" src=\"\/wp-content\/uploads\/2026\/02\/Ottmar_01-1920w-1920w.webp\" alt=\"Ottmar Stender\">\n        <\/figure>\n        <div class=\"story-card\">\n          <h3>Ottmar Stender<\/h3>\n          <p>\n            President \u2013 Executive Director\n          <\/p>\n        <\/div>\n      <\/div>\n\n      <!-- Slide 2 -->\n      <div class=\"swiper-slide\">\n        <figure class=\"story-image\">\n          <img decoding=\"async\" src=\"\/wp-content\/uploads\/2026\/02\/Klaus-2BSeefried_02-1920w-1920w.webp\" alt=\"Klaus Seefried\">\n        <\/figure>\n        <div class=\"story-card\">\n          <h3>Klaus Seefried<\/h3>\n          <p>\n            President \u2013 Executive Director\n          <\/p>\n        <\/div>\n      <\/div>\n\n    <\/div>\n\n    <!-- Controls: unter dem Inhalt -->\n    <div class=\"story-slider-controls\">\n      <div class=\"swiper-button-prev\" aria-label=\"Previous slide\"><\/div>\n      <div class=\"swiper-pagination\"><\/div>\n      <div class=\"swiper-button-next\" aria-label=\"Next slide\"><\/div>\n    <\/div>\n  <\/div>\n<\/section>\n\n\n\n<section class=\"story-section\">\n  <header class=\"story-section-head\">\n    <h2 class=\"story-section-title\">Executive Board<\/h2>\n  <\/header>\n\n  <div class=\"story-slider swiper\">\n    <div class=\"swiper-wrapper\">\n\n      <!-- Slide 1 -->\n      <div class=\"swiper-slide\">\n        <figure class=\"story-image\">\n          <img decoding=\"async\" src=\"\/wp-content\/uploads\/2026\/02\/Peter_Hofmann-1920w-1d54cebc-1920w2.jpg\" alt=\"Peter Hofmann\">\n        <\/figure>\n        <div class=\"story-card\">\n          <h3>Peter Hofmann<\/h3>\n          <p>\n            Captain\n          <\/p>\n          <p>\n            Responsible for tournaments, the handicap system, course ratings, and competition organization\n          <\/p>\n        <\/div>\n      <\/div>\n\n      <!-- Slide 2 -->\n      <div class=\"swiper-slide\">\n        <figure class=\"story-image\">\n          <img decoding=\"async\" src=\"\/wp-content\/uploads\/2026\/02\/Holger002-1920w2.jpg\" alt=\"Holger Urban\">\n        <\/figure>\n        <div class=\"story-card\">\n          <h3>Holger Urban<\/h3>\n          <p>\n            Secretary\n          <\/p>\n        <\/div>\n      <\/div>\n\n<!-- Slide 3 -->\n      <div class=\"swiper-slide\">\n        <figure class=\"story-image\">\n          <img decoding=\"async\" src=\"\/wp-content\/uploads\/2026\/02\/DieterStierhoff4002-1920w.jpg\" alt=\"Dieter Stierhof\">\n        <\/figure>\n        <div class=\"story-card\">\n          <h3>Dieter Stierhof<\/h3>\n          <p>\n            Property Management, Building Services\n          <\/p>\n        <\/div>\n      <\/div>\n\n<!-- Slide 4 -->\n      <div class=\"swiper-slide\">\n        <figure class=\"story-image\">\n          <img decoding=\"async\" src=\"\/wp-content\/uploads\/2026\/02\/Ute-Zimmer-1920w2.jpg\" alt=\"Ute Zimmer\">\n        <\/figure>\n        <div class=\"story-card\">\n          <h3>Ute Zimmer<\/h3>\n          <p>\n            Assessor\n          <\/p>\n        <\/div>\n      <\/div>\n\n<!-- Slide 5 -->\n      <div class=\"swiper-slide\">\n        <figure class=\"story-image\">\n          <img decoding=\"async\" src=\"\/wp-content\/uploads\/2026\/02\/Herbert002-1920w.jpg\" alt=\"Herbert Herrmann\">\n        <\/figure>\n        <div class=\"story-card\">\n          <h3>Herbert Herrmann<\/h3>\n          <p>\n            Assessor\n          <\/p>\n        <\/div>\n      <\/div>\n\n<!-- Slide 6 -->\n      <div class=\"swiper-slide\">\n        <figure class=\"story-image\">\n          <img decoding=\"async\" src=\"\/wp-content\/uploads\/2026\/02\/LotharLux-1920w-1920w2.webp\" alt=\"Lothar Lux\">\n        <\/figure>\n        <div class=\"story-card\">\n          <h3>Lothar Lux<\/h3>\n          <p>\n            Assessor\n          <\/p>\n        <\/div>\n      <\/div>\n\n    <\/div>\n\n    <!-- Controls: unter dem Inhalt -->\n    <div class=\"story-slider-controls\">\n      <div class=\"swiper-button-prev\" aria-label=\"Previous slide\"><\/div>\n      <div class=\"swiper-pagination\"><\/div>\n      <div class=\"swiper-button-next\" aria-label=\"Next slide\"><\/div>\n    <\/div>\n  <\/div>\n<\/section>\n\n\n\n<section class=\"story-section\">\n  <header class=\"story-section-head\">\n    <h2 class=\"story-section-title\">Additions to the Executive Board<\/h2>\n  <\/header>\n\n  <div class=\"story-slider swiper\">\n    <div class=\"swiper-wrapper\">\n\n      <!-- Slide 1 -->\n      <div class=\"swiper-slide\">\n        <figure class=\"story-image\">\n          <img decoding=\"async\" src=\"\/wp-content\/uploads\/2026\/02\/Manfred_Heinl_01-1920w.jpg\" alt=\"Manfred Heinl\">\n        <\/figure>\n        <div class=\"story-card\">\n          <h3>Manfred Heinl<\/h3>\n          <p>\n            <strong>Golf and Nature Working Group<\/strong>\n          <\/p>\n<\/br>\n          <p>\n            Hello to all you \u201cnature lovers\u201d! \n\nWe\u2019re always in need of your help with our events. If you\u2019d like to get involved, please feel free to contact me or Gerhard M\u00fcller (Head Greenkeeper). (You can get their contact information from the office.)\n          <\/p>\n        <\/div>\n      <\/div>\n\n      <!-- Slide 2 -->\n      <div class=\"swiper-slide\">\n        <figure class=\"story-image\">\n          <img decoding=\"async\" src=\"\/wp-content\/uploads\/2026\/02\/Ute-Zimmer-1920w2.jpg\" alt=\"Ute Zimmer\">\n        <\/figure>\n        <div class=\"story-card\">\n          <h3>Ute Zimmer<\/h3>\n          <p>\n            <strong>New Member Support Working Group<\/strong>\n          <\/p>\n<\/br>\n          <p>\n          A warm welcome to all new members and Tigers of Tomorrow! \n\nI look forward to seeing you at our regular training sessions and tournament events. Please contact the office or reach out to me directly. (You can get my contact information through the office.) \n          <\/p>\n        <\/div>\n      <\/div>\n\n<!-- Slide 3 -->\n      <div class=\"swiper-slide\">\n        <figure class=\"story-image\">\n          <img decoding=\"async\" src=\"\/wp-content\/uploads\/2026\/02\/FalkoKopf-1920w.jpg\" alt=\"Falko Elsner\">\n        <\/figure>\n        <div class=\"story-card\">\n          <h3>Falko Elsner<\/h3>\n          <p>\n            <strong>Club Life Working Group<\/strong>\n          <\/p>\n<\/br>\n          <p>\n            There's always something to celebrate. Just join in and be part of it!\n          <\/p>\n        <\/div>\n      <\/div>\n\n<!-- Slide 4 -->\n      <div class=\"swiper-slide\">\n        <figure class=\"story-image\">\n          <img decoding=\"async\" src=\"\/wp-content\/uploads\/2026\/02\/Dieter_Seitz-1920w.jpg\" alt=\"Dieter Seitz\">\n        <\/figure>\n        <div class=\"story-card\">\n          <h3>Dieter Seitz<\/h3>\n          <p>\n            <strong>Marketing and Sales Working Group<\/strong>\n          <\/p>\n        <\/div>\n      <\/div>\n\n    <\/div>\n\n    <!-- Controls: unter dem Inhalt -->\n    <div class=\"story-slider-controls\">\n      <div class=\"swiper-button-prev\" aria-label=\"Previous slide\"><\/div>\n      <div class=\"swiper-pagination\"><\/div>\n      <div class=\"swiper-button-next\" aria-label=\"Next slide\"><\/div>\n    <\/div>\n  <\/div>\n<\/section>\n\n\n\n<section class=\"golf-card golf-award-card\">\n  <header class=\"golf-card-head\">\n    <h2 class=\"golf-card-title\">Our Greenkeeper Team<\/h2>\n  <\/header>\n\n  <div class=\"golf-award-grid\">\n    <!-- LEFT: Text -->\n    <div class=\"golf-award-text\">\n      <p>\n<strong>Head Greenkeeper:<\/strong> Gerhard M\u00fcller (front)\n<\/p>  \n<p>\n<strong>Employees:<\/strong>  (back row, from left)\n<\/p>\n<p>\nPeter Pe\u00dfler\n<\/p>\n<p>\nAljtrin Alili\n<\/p>\n<p>\nLeo Tomasik\n<\/p>\n<p>\nErwin Moll\n      <\/p>\n\n      <p>\n<strong>Multifunctional powerhouse:<\/strong>\n<p>\nHelmut Kilian (far right)\n<\/p>\n<\/br>\n      <\/p>\n<strong>Nicht im Bild:<\/strong>\n      <\/p>\n<p>\nRico Engelhardt \n<\/p>\n<p>\nNiklas M\u00fcller\n<\/p>\n<p>\nChristina M\u00fcller\n<\/p>\n\n      <\/div>\n\n    <!-- RIGHT: Image + caption -->\n    <figure class=\"golf-award-media\">\n      <img decoding=\"async\" src=\"\/wp-content\/uploads\/2026\/02\/Gruppenbild2025-1920w.jpg\" alt=\"Greenkeeper-Team\">\n    <\/figure>\n  <\/div>\n<\/section>","protected":false},"excerpt":{"rendered":"<p>Unser Sekretariat Das Herz des Golfclubs sind unsere Damen vom Sekretariat. Hier laufen alle F\u00e4den zusammen und von dort gibt es neue Impulse f\u00fcr den Vorstand. Egal mit welchen Anliegen und Problemen G\u00e4ste oder Mitglieder auf sie zukommen. Immer finden sie Ansprechpartner, die kompetent und mit Herzblut ihren Aufgaben erledigen. Als Teamchefin und Vollzeitkraft organisiert [&hellip;]<\/p>\n","protected":false},"author":1,"featured_media":2155,"parent":0,"menu_order":0,"comment_status":"closed","ping_status":"closed","template":"","meta":{"footnotes":""},"class_list":["post-399","page","type-page","status-publish","has-post-thumbnail","hentry"],"_links":{"self":[{"href":"https:\/\/golf-bw.de\/en\/wp-json\/wp\/v2\/pages\/399","targetHints":{"allow":["GET"]}}],"collection":[{"href":"https:\/\/golf-bw.de\/en\/wp-json\/wp\/v2\/pages"}],"about":[{"href":"https:\/\/golf-bw.de\/en\/wp-json\/wp\/v2\/types\/page"}],"author":[{"embeddable":true,"href":"https:\/\/golf-bw.de\/en\/wp-json\/wp\/v2\/users\/1"}],"replies":[{"embeddable":true,"href":"https:\/\/golf-bw.de\/en\/wp-json\/wp\/v2\/comments?post=399"}],"version-history":[{"count":17,"href":"https:\/\/golf-bw.de\/en\/wp-json\/wp\/v2\/pages\/399\/revisions"}],"predecessor-version":[{"id":2346,"href":"https:\/\/golf-bw.de\/en\/wp-json\/wp\/v2\/pages\/399\/revisions\/2346"}],"wp:featuredmedia":[{"embeddable":true,"href":"https:\/\/golf-bw.de\/en\/wp-json\/wp\/v2\/media\/2155"}],"wp:attachment":[{"href":"https:\/\/golf-bw.de\/en\/wp-json\/wp\/v2\/media?parent=399"}],"curies":[{"name":"wp","href":"https:\/\/api.w.org\/{rel}","templated":true}]}}