{"id":401,"date":"2026-01-15T22:57:29","date_gmt":"2026-01-15T22:57:29","guid":{"rendered":"https:\/\/golfbwneu20267188.live-website.com\/?page_id=401"},"modified":"2026-04-26T17:12:34","modified_gmt":"2026-04-26T17:12:34","slug":"kooperationen","status":"publish","type":"page","link":"https:\/\/golf-bw.de\/en\/kooperationen\/","title":{"rendered":"Mitgliedervorteile"},"content":{"rendered":"<div class=\"coop-section\">\n\n  <section class=\"coop-card\">\n    <header class=\"coop-head\">\n      <h2 class=\"coop-title\">Partnerships of the Bad Windsheim Golf Club<\/h2>\n      <p class=\"coop-subtitle\">Benefits for our full members<\/p>\n    <\/header>\n\n    <div class=\"coop-grid\">\n\n      <!-- Kachel 1 -->\n     <a class=\"coop-tile\" \n         href=\"https:\/\/www.gc-bad-ueberkingen.de\/\" \n         target=\"_blank\" \n         rel=\"noopener\">\n              <div class=\"coop-tile-media\">\n          <img decoding=\"async\" src=\"\/wp-content\/uploads\/2026\/02\/ueberkingen.jpg\" alt=\"Golfclub Bad \u00dcberkingen\">\n        <\/div>\n        <div class=\"coop-tile-body\">\n          <p class=\"coop-benefit\">No Greenfee<\/p>\n          \n          <div class=\"coop-club-wrap\">\n           <p class=\"coop-club\">Golfclub Bad \u00dcberkingen e.V.<\/p>\n           <p class=\"coop-loc\">Bad \u00dcberkingen<\/p>\n          <\/div>\n      <\/div>\n    <\/a>\n\n      <!-- Kachel 2 -->\n      <a class=\"coop-tile\" \n         href=\"https:\/\/www.golfclub-bruchsal.de\/\" \n         target=\"_blank\" \n         rel=\"noopener\">\n        <div class=\"coop-tile-media\">\n          <img decoding=\"async\" src=\"\/wp-content\/uploads\/2026\/02\/Golfclub-Bruchsal.png\" alt=\"Golfclub Bruchsal\">\n        <\/div>\n        <div class=\"coop-tile-body\">\n          <p class=\"coop-benefit\">No Greenfee<\/p>\n          <div class=\"coop-club-wrap\">\n           <p class=\"coop-club\">Golfclub Bruchsal e.V.<\/p>\n           <p class=\"coop-loc\">Bruchsal<\/p>\n          <\/div>\n        <\/div>\n    <\/a>\n\n    <\/div>\n  <\/section>\n\n\n\n<section class=\"coop-card\">\n  <header class=\"coop-head\">\n    <h2 class=\"coop-title\">Golfen in Franken<\/h2>\n    <p class=\"coop-subtitle\">Benefits for members<\/p>\n  <\/header>\n\n  <div class=\"coop-info-layout\">\n\n    <a class=\"coop-tile is-logo\"\n       style=\"background-color: #ffffff !important\"\n       aria-label=\"Logo Golfen in Franken\"\n       href=\"https:\/\/www.golfen-in-franken.de\/\"\n       target=\"_blank\"\n       rel=\"noopener\">\n      <div class=\"coop-tile-media\">\n        <img decoding=\"async\" src=\"\/wp-content\/uploads\/2026\/04\/Screenshot-2026-04-15-212410.png\" alt=\"Golfen in Franken\">\n      <\/div>\n    <\/a>\n\n    <div class=\"coop-info-text\">\n      <h3>Unlimited golf at partner courses<\/h3>\n\n      <p>\n        Members of the participating Golfen-in-Franken clubs enjoy a special benefit:\n        For an additional fee of \u20ac229 on top of their standard membership, they can play golf\n        unlimited times at the other participating courses for a whole year.\n      <\/p>\n\n      <p>\n        For civil partners, the surcharge is \u20ac195.\n      <\/p>\n\n      <ul class=\"coop-info-list\">\n        <li>Unlimited playing rights on partner courts<\/li>\n        <li>Valid for one year<\/li>\n        <li>Also available: Golf in Franconia Green Fee Card<\/li>\n        <li>Green Fee Card: \u20ac29, valid for one year from the date of issue<\/li>\n        <li>With a Greenfee Card: \u20ac39 on weekdays, \u20ac46 at weekends<\/li>\n      <\/ul>\n    <\/div>\n\n  <\/div>\n\n  <div class=\"coop-downloads\">\n    <h3 class=\"coop-downloads-title\">Downloads<\/h3>\n\n    <div class=\"coop-download-list\">\n\n      <a class=\"coop-download\"\n         href=\"\/wp-content\/uploads\/2026\/04\/Antrag-Golfen-in-Franken-2026-Mitglieder_ausfuellbar.pdf\"\n         target=\"_blank\"\n         rel=\"noopener\">\n        <div>\n          <strong>Application form<\/strong>\n          <span>Please email the completed PDF file to kontakt@golf-bw.de<\/span>\n        <\/div>\n      <\/a>\n\n    <\/div>\n  <\/div>\n<\/section>\n\n\n\n<section class=\"coop-card\">\n  <header class=\"coop-head\">\n    <h2 class=\"coop-title\">Golfland Donau &amp; Partners<\/h2>\n    <p class=\"coop-subtitle\">GolflandCard<\/p>\n  <\/header>\n\n  <div class=\"coop-info-layout\">\n\n    <a class=\"coop-tile is-logo is-golfland-logo\"\n       style=\"background-color: #ffffff !important\"\n       aria-label=\"Golfland Donau &#038; Partner\"\n       href=\"https:\/\/golflandcard.de\/\"\n       target=\"_blank\"\n       rel=\"noopener\">\n      <div class=\"coop-tile-media\">\n        <img decoding=\"async\" src=\"\/wp-content\/uploads\/2026\/04\/GLD-Partner_Website_Button.jpg\" alt=\"Golfland Donau &#038; Partner\">\n      <\/div>\n    <\/a>\n\n    <div class=\"coop-info-text\">\n      <h3>Our partner: Golfland Donau &amp; Partner<\/h3>\n\n      <p>\n        Golfland Donau &amp; Partner is a consortium comprising numerous\n        golf courses and hotels in Germany, the Czech Republic, Austria, Hungary\n        and Italy.\n      <\/p>\n\n      <p>\n        The Gerhelm Golf Course has been part of this partnership network since 2024.\n        Full members and guests with a gold hologram badge\n        can enjoy attractive benefits with the GolflandCard.\n      <\/p>\n\n      <ul class=\"coop-check-list\">\n        <li>50% discount on green fees at premium courses<\/li>\n        <li>VIP Member Card Set mit zus\u00e4tzlichen Greenfee-Vouchern<\/li>\n        <li>Top holiday deals at partner resorts and hotels<\/li>\n        <li>Access to around 100 partner facilities in several countries<\/li>\n      <\/ul>\n    <\/div>\n\n  <\/div>\n<\/section>\n\n\n\n<section class=\"coop-card\">\n    <header class=\"coop-head\">\n      <h2 class=\"coop-title\">Discounted green fees at the courses of participating clubs.<\/h2>\n      <p class=\"coop-subtitle\">Discounted green fees at the courses of the participating clubs.<\/p>\n    <\/header>\n\n        <div class=\"coop-text\">\n      <p>\n        The Bad Windsheim Golf Club is a member of the Franconia Golf Region. Our members play on the courses of the participating clubs at discounted green fees:\n      <\/p>\n      <p>\n        <strong>36 \u20ac<\/strong> on weekdays&nbsp; <strong>46 \u20ac<\/strong> on weekends and holidays.\n<\/p>\n<\/br>\n       <p> The \u201cFranconia Golf Region Trophy\u201d is held annually at one of the member courses. Practice facilities are available to members at each other\u2019s courses free of charge.\n      <\/p>\n    <\/div>\n\n    <div class=\"coop-grid\">\n\n      <!-- Logo-Kachel (nimmt eine normale Kachel ein, ohne Text) -->\n      <a class=\"coop-tile is-logo\"\n         aria-label=\"Logo Golfregion Franken\"\n         href=\"https:\/\/www.golfregionfranken.de\/mitglied-eines-grf-clubs\/\" \n         target=\"_blank\" \n         rel=\"noopener\">\n        <div class=\"coop-tile-media\">\n          <img decoding=\"async\" src=\"\/wp-content\/uploads\/2026\/02\/logo-gfr-start-1920w.jpg\" alt=\"Golfregion Franken\">\n        <\/div>\n      <\/a>\n\n      <!-- Kacheln f\u00fcr Clubs aus der Liste -->\n      \n      <a class=\"coop-tile is-image-heavy\"\n         href=\"https:\/\/www.golf-ansbach.de\/\" \n         target=\"_blank\" \n         rel=\"noopener\">\n        <div class=\"coop-tile-media\">\n          <img decoding=\"async\" src=\"\/wp-content\/uploads\/2026\/02\/Ansbach_Burg-und-Dorf-1540x866-1.jpg\" alt=\"GC Ansbach\">\n        <\/div>\n        <div class=\"coop-tile-body\">\n            <p class=\"coop-club\">GC Ansbach e.V.<\/p>\n            <p class=\"coop-loc\">Ansbach<\/p>\n        <\/div>\n      <\/a>\n\n      <a class=\"coop-tile is-image-heavy\"\n         href=\"https:\/\/www.golfclubbadkissingen.de\/\" \n         target=\"_blank\" \n         rel=\"noopener\">\n        <div class=\"coop-tile-media\">\n          <img decoding=\"async\" src=\"\/wp-content\/uploads\/2026\/02\/bad_kissingen.jpg\" alt=\"GC Bad Kissingen\">\n        <\/div>\n        <div class=\"coop-tile-body\">\n            <p class=\"coop-club\">GC Bad Kissingen e.V.<\/p>\n            <p class=\"coop-loc\">Bad Kissingen<\/p>\n        <\/div>\n      <\/a>\n\n      <a class=\"coop-tile is-image-heavy\"\n         href=\"https:\/\/golfclub-bayreuth.de\/\" \n         target=\"_blank\" \n         rel=\"noopener\">\n        <div class=\"coop-tile-media\">\n          <img decoding=\"async\" src=\"\/wp-content\/uploads\/2026\/02\/golf-club-bayreuth-ev_086461_full.jpg\" alt=\"GC Bayreuth\">\n        <\/div>\n        <div class=\"coop-tile-body\">\n            <p class=\"coop-club\">GC Bayreuth e.V.<\/p>\n            <p class=\"coop-loc\">Bayreuth<\/p>\n        <\/div>\n      <\/a>\n\n      <a class=\"coop-tile is-image-heavy\"\n         href=\"https:\/\/www.gc-coburg.de\/\" \n         target=\"_blank\" \n         rel=\"noopener\">\n        <div class=\"coop-tile-media\">\n          <img decoding=\"async\" src=\"\/wp-content\/uploads\/2026\/02\/coburg_1200x600.jpg\" alt=\"GC Coburg\">\n        <\/div>\n        <div class=\"coop-tile-body\">\n            <p class=\"coop-club\">GC Coburg e.V.<\/p>\n            <p class=\"coop-loc\">Weitramsdorf<\/p>\n        <\/div>\n      <\/a>\n\n      <a class=\"coop-tile is-image-heavy\"\n         href=\"https:\/\/www.gc-fs.de\/\" \n         target=\"_blank\" \n         rel=\"noopener\">\n        <div class=\"coop-tile-media\">\n          <img decoding=\"async\" src=\"\/wp-content\/uploads\/2026\/02\/fraenkische_schweiz.jpg\" alt=\"GC Fraenkische Schweiz\">\n        <\/div>\n        <div class=\"coop-tile-body\">\n            <p class=\"coop-club\">GC Fr\u00e4nkische Schweiz e.V.<\/p>\n            <p class=\"coop-loc\">Ebermannstadt<\/p>\n        <\/div>\n      <\/a>\n\n\n      <a class=\"coop-tile is-image-heavy\"\n         href=\"https:\/\/www.golfclub-fuerth.de\" \n         target=\"_blank\" \n         rel=\"noopener\">\n        <div class=\"coop-tile-media\">\n          <img decoding=\"async\" src=\"\/wp-content\/uploads\/2026\/02\/fuerth.jpg\" alt=\"GC Fuerth\">\n        <\/div>\n        <div class=\"coop-tile-body\">\n            <p class=\"coop-club\">GC F\u00fcrth e.V.<\/p>\n            <p class=\"coop-loc\">F\u00fcrth<\/p>\n        <\/div>\n      <\/a>\n\n      <a class=\"coop-tile is-image-heavy\"\n         href=\"https:\/\/www.golfclub-hassberge.de\/\" \n         target=\"_blank\" \n         rel=\"noopener\">\n        <div class=\"coop-tile-media\">\n          <img decoding=\"async\" src=\"\/wp-content\/uploads\/2026\/02\/hassberge.jpg\" alt=\"GC Hassberge\">\n        <\/div>\n        <div class=\"coop-tile-body\">\n            <p class=\"coop-club\">GC Ha\u00dfberge e.V.<\/p>\n            <p class=\"coop-loc\">Ebelsbach<\/p>\n        <\/div>\n      <\/a>\n\n      <a class=\"coop-tile is-image-heavy\"\n         href=\"https:\/\/www.golfclub-herzogenaurach.de\/\" \n         target=\"_blank\" \n         rel=\"noopener\">\n        <div class=\"coop-tile-media\">\n          <img decoding=\"async\" src=\"\/wp-content\/uploads\/2026\/02\/Herzogenaurach_DJI_0173-scaled-1.jpg\" alt=\"GC Herzogenaurach\">\n        <\/div>\n        <div class=\"coop-tile-body\">\n            <p class=\"coop-club\">GC Herzogenaurach e.V.<\/p>\n            <p class=\"coop-loc\">Herzogenaurach<\/p>\n        <\/div>\n      <\/a>\n\n<a class=\"coop-tile is-image-heavy\"\n         href=\"https:\/\/www.gc-hof.de\/\" \n         target=\"_blank\" \n         rel=\"noopener\">\n        <div class=\"coop-tile-media\">\n          <img decoding=\"async\" src=\"\/wp-content\/uploads\/2026\/02\/hof.jpg\" alt=\"GC Hof\">\n        <\/div>\n        <div class=\"coop-tile-body\">\n            <p class=\"coop-club\">GC Hof e.V.<\/p>\n            <p class=\"coop-loc\">Gattendorf<\/p>\n        <\/div>\n      <\/a>\n\n<a class=\"coop-tile is-image-heavy\"\n         href=\"https:\/\/golfclubkitzingen.de\/\" \n         target=\"_blank\" \n         rel=\"noopener\">\n        <div class=\"coop-tile-media\">\n          <img decoding=\"async\" src=\"\/wp-content\/uploads\/2026\/02\/P1100837_1-e1768891580783.jpg\" alt=\"GC Kitzingen\">\n        <\/div>\n        <div class=\"coop-tile-body\">\n            <p class=\"coop-club\">GC Kitzingen e.V.<\/p>\n            <p class=\"coop-loc\">Kitzingen<\/p>\n        <\/div>\n      <\/a>\n\n<a class=\"coop-tile is-image-heavy\"\n         href=\"https:\/\/gc-kronach.de\/\" \n         target=\"_blank\" \n         rel=\"noopener\">\n        <div class=\"coop-tile-media\">\n          <img decoding=\"async\" src=\"\/wp-content\/uploads\/2026\/02\/Kronach_1800-1200-gallery.jpg\" alt=\"GC Kronach\">\n        <\/div>\n        <div class=\"coop-tile-body\">\n            <p class=\"coop-club\">GC Kronach e.V.<\/p>\n            <p class=\"coop-loc\">K\u00fcps<\/p>\n        <\/div>\n      <\/a>\n\n<a class=\"coop-tile is-image-heavy\"\n         href=\"https:\/\/gclichtenau.de\/\" \n         target=\"_blank\" \n         rel=\"noopener\">\n        <div class=\"coop-tile-media\">\n          <img decoding=\"async\" src=\"\/wp-content\/uploads\/2026\/02\/campo-golf-golfclub-lichtenau-weickershof-e.v.-4-768.jpg\" alt=\"GC Lichtenau-Weickershof\">\n        <\/div>\n        <div class=\"coop-tile-body\">\n            <p class=\"coop-club\">GC Lichtenau-Weickershof e.V.<\/p>\n            <p class=\"coop-loc\">Lichtenau<\/p>\n        <\/div>\n      <\/a>\n\n<a class=\"coop-tile is-image-heavy\"\n         href=\"https:\/\/www.gc-msp.de\/\" \n         target=\"_blank\" \n         rel=\"noopener\">\n        <div class=\"coop-tile-media\">\n          <img decoding=\"async\" src=\"\/wp-content\/uploads\/2026\/02\/golfclub-main-spessart-ev_106591_full.jpg\" alt=\"GC Main-Spessart\">\n        <\/div>\n        <div class=\"coop-tile-body\">\n            <p class=\"coop-club\">GC Main-Spessart, Marktheidenfeld-Eichenf\u00fcrst e. V.<\/p>\n            <p class=\"coop-loc\">Marktheidenfeld<\/p>\n        <\/div>\n      <\/a>\n\n<a class=\"coop-tile is-image-heavy\"\n         href=\"https:\/\/www.maria-bildhausen.de\/\" \n         target=\"_blank\" \n         rel=\"noopener\">\n        <div class=\"coop-tile-media\">\n          <img decoding=\"async\" src=\"\/wp-content\/uploads\/2026\/02\/maria_bildhausen.jpg\" alt=\"GC Maria Bildhausen\">\n        <\/div>\n        <div class=\"coop-tile-body\">\n            <p class=\"coop-club\">GC Maria Bildhausen e.V.<\/p>\n            <p class=\"coop-loc\">M\u00fcnnerstadt<\/p>\n        <\/div>\n      <\/a>\n\n<a class=\"coop-tile is-image-heavy\"\n         href=\"https:\/\/www.gc-oberfranken.de\/\" \n         target=\"_blank\" \n         rel=\"noopener\">\n        <div class=\"coop-tile-media\">\n          <img decoding=\"async\" src=\"\/wp-content\/uploads\/2026\/02\/oberfranken.jpg\" alt=\"GC Oberfranken\">\n        <\/div>\n        <div class=\"coop-tile-body\">\n            <p class=\"coop-club\">GC Oberfranken e.V.<\/p>\n            <p class=\"coop-loc\">Thurnau<\/p>\n        <\/div>\n      <\/a>\n\n<a class=\"coop-tile is-image-heavy\"\n         href=\"https:\/\/www.gc-pottenstein.de\" \n         target=\"_blank\" \n         rel=\"noopener\">\n        <div class=\"coop-tile-media\">\n          <img decoding=\"async\" src=\"\/wp-content\/uploads\/2026\/02\/pottenstein_weidenloh.jpg\" alt=\"GC Pottenstein-Weidenloh\">\n        <\/div>\n        <div class=\"coop-tile-body\">\n            <p class=\"coop-club\">GC Pottenstein-Weidenloh e.V.<\/p>\n            <p class=\"coop-loc\">Pottenstein<\/p>\n        <\/div>\n      <\/a>\n\n<a class=\"coop-tile is-image-heavy\"\n         href=\"https:\/\/golf-bw.de\/en\/\" \n         target=\"_blank\" \n         rel=\"noopener\">\n        <div class=\"coop-tile-media\">\n          <img decoding=\"async\" src=\"\/wp-content\/uploads\/2026\/02\/Windsheim.jpg\" alt=\"GC Bad Windsheim\">\n        <\/div>\n        <div class=\"coop-tile-body\">\n            <p class=\"coop-club\">GC Bad Windsheim e.V.<\/p>\n            <p class=\"coop-loc\">Bad Windsheim<\/p>\n        <\/div>\n      <\/a>\n\n<a class=\"coop-tile is-image-heavy\"\n         href=\"https:\/\/golf-mainsondheim.de\/\" \n         target=\"_blank\" \n         rel=\"noopener\">\n        <div class=\"coop-tile-media\">\n          <img decoding=\"async\" src=\"\/wp-content\/uploads\/2026\/02\/mainsondheim.jpg\" alt=\"GC Schloss Mainsondheim\">\n        <\/div>\n        <div class=\"coop-tile-body\">\n            <p class=\"coop-club\">GC Schloss Mainsondheim e.V.<\/p>\n            <p class=\"coop-loc\">Dettelbach<\/p>\n        <\/div>\n      <\/a>\n\n<a class=\"coop-tile is-image-heavy\"\n         href=\"https:\/\/www.golfclub-schweinfurt.de\/\" \n         target=\"_blank\" \n         rel=\"noopener\">\n        <div class=\"coop-tile-media\">\n          <img decoding=\"async\" src=\"\/wp-content\/uploads\/2026\/02\/scshweinfurt.jpg\" alt=\"GC Schweinfurt\">\n        <\/div>\n        <div class=\"coop-tile-body\">\n            <p class=\"coop-club\">GC Schweinfurt e.V.<\/p>\n            <p class=\"coop-loc\">Schonungen<\/p>\n        <\/div>\n      <\/a>\n\n<a class=\"coop-tile is-image-heavy\"\n         href=\"https:\/\/golfclub-steigerwald.de\/\" \n         target=\"_blank\" \n         rel=\"noopener\">\n        <div class=\"coop-tile-media\">\n          <img decoding=\"async\" src=\"\/wp-content\/uploads\/2026\/02\/Steigerwald.jpg\" alt=\"GC Steigerwald\">\n        <\/div>\n        <div class=\"coop-tile-body\">\n            <p class=\"coop-club\">GC Steigerwald in Geiselwind e.V.<\/p>\n            <p class=\"coop-loc\">Geiselwind<\/p>\n        <\/div>\n      <\/a>\n\n<a class=\"coop-tile is-image-heavy\"\n         href=\"https:\/\/gc-stiftland.de\/\" \n         target=\"_blank\" \n         rel=\"noopener\">\n        <div class=\"coop-tile-media\">\n          <img decoding=\"async\" src=\"\/wp-content\/uploads\/2026\/02\/Stiftland-Oberpfalz-Bayern_Platz_01-1024x640-1.png\" alt=\"GC Stiftland\">\n        <\/div>\n        <div class=\"coop-tile-body\">\n            <p class=\"coop-club\">GC Stiftland e.V.<\/p>\n            <p class=\"coop-loc\">Bad Neualbenreuth<\/p>\n        <\/div>\n      <\/a>\n\n\n    <\/div>\n  <\/section>\n\n<\/div>","protected":false},"excerpt":{"rendered":"<p>Kooperationen des Golfclubs Bad Windsheim Vorteile f\u00fcr unsere Vollmitglieder Greenfee-frei Golfclub Bad \u00dcberkingen e.V. Bad \u00dcberkingen Greenfee-frei Golfclub Bruchsal e.V. Bruchsal Golfen in Franken Vorteile f\u00fcr Mitglieder Unbegrenzt Golf spielen auf Partnerpl\u00e4tzen Mitglieder der teilnehmenden Golfen-in-Franken-Clubs profitieren von einem besonderen Vorteil: F\u00fcr einen Aufpreis von 229&nbsp;\u20ac zur regul\u00e4ren Mitgliedschaft k\u00f6nnen sie ein Jahr lang unbegrenzt [&hellip;]<\/p>\n","protected":false},"author":1,"featured_media":585,"parent":0,"menu_order":0,"comment_status":"closed","ping_status":"closed","template":"","meta":{"footnotes":""},"class_list":["post-401","page","type-page","status-publish","has-post-thumbnail","hentry"],"_links":{"self":[{"href":"https:\/\/golf-bw.de\/en\/wp-json\/wp\/v2\/pages\/401","targetHints":{"allow":["GET"]}}],"collection":[{"href":"https:\/\/golf-bw.de\/en\/wp-json\/wp\/v2\/pages"}],"about":[{"href":"https:\/\/golf-bw.de\/en\/wp-json\/wp\/v2\/types\/page"}],"author":[{"embeddable":true,"href":"https:\/\/golf-bw.de\/en\/wp-json\/wp\/v2\/users\/1"}],"replies":[{"embeddable":true,"href":"https:\/\/golf-bw.de\/en\/wp-json\/wp\/v2\/comments?post=401"}],"version-history":[{"count":50,"href":"https:\/\/golf-bw.de\/en\/wp-json\/wp\/v2\/pages\/401\/revisions"}],"predecessor-version":[{"id":2431,"href":"https:\/\/golf-bw.de\/en\/wp-json\/wp\/v2\/pages\/401\/revisions\/2431"}],"wp:featuredmedia":[{"embeddable":true,"href":"https:\/\/golf-bw.de\/en\/wp-json\/wp\/v2\/media\/585"}],"wp:attachment":[{"href":"https:\/\/golf-bw.de\/en\/wp-json\/wp\/v2\/media?parent=401"}],"curies":[{"name":"wp","href":"https:\/\/api.w.org\/{rel}","templated":true}]}}