{"id":411,"date":"2026-01-15T22:59:33","date_gmt":"2026-01-15T22:59:33","guid":{"rendered":"https:\/\/golfbwneu20267188.live-website.com\/?page_id=411"},"modified":"2026-04-14T08:46:37","modified_gmt":"2026-04-14T08:46:37","slug":"anfahrt-oeffnungszeiten","status":"publish","type":"page","link":"https:\/\/golf-bw.de\/en\/anfahrt-oeffnungszeiten\/","title":{"rendered":"Directions &amp; Opening Hours"},"content":{"rendered":"<div class=\"wp-block-columns golf-wrapper-card is-layout-flex wp-container-core-columns-is-layout-28f84493 wp-block-columns-is-layout-flex\">\n<div class=\"wp-block-column is-layout-flow wp-block-column-is-layout-flow\">\n<div class=\"wp-block-group is-nowrap is-layout-flex wp-container-core-group-is-layout-6c531013 wp-block-group-is-layout-flex\">\n<p class=\"has-custom-akzent-color has-text-color has-link-color wp-elements-fbd36b2dab7048a05659167b8cae9417\"><strong>Opening hours office<\/strong><\/p>\n\n\n\n<p><strong>December through February:<\/strong><br>Secretariat Winter Break.<br>Can only be reached by email or voicemail.<\/p>\n\n\n\n<p><strong>March:<\/strong><br>Daily from 10:00 a.m. to 3:00 p.m.*<\/p>\n\n\n\n<p><strong>April to October<\/strong>:<br>Daily from 9:00 a.m. to 4:00 p.m.*<\/p>\n\n\n\n<p><strong>November<\/strong>:<br>Daily from 10:00 a.m. to 3:00 p.m.*<\/p>\n\n\n\n<p class=\"has-custom-akzent-color has-text-color has-link-color has-small-font-size wp-elements-815af1d798351b6a9904b7cd96cc7332\">* Due to weather conditions, we may close early.<\/p>\n\n\n\n<hr class=\"wp-block-separator has-alpha-channel-opacity is-style-dots\"\/>\n\n\n\n<p class=\"has-custom-akzent-color has-text-color has-link-color wp-elements-304605d539a7aa43908c0ca625176496\"><strong>Our address:<\/strong><\/p>\n\n\n\n<p><strong>Address<\/strong>:<br><strong>Golfclub Reichsstadt Bad Windsheim e.V.<\/strong><br>Otmar-Schaller-Allee 1<br>91438 Bad Windsheim<\/p>\n\n\n\n<p><strong><strong>GPS:<\/strong> <\/strong><a href=\"https:\/\/www.bing.com\/maps?q=gps+koordinaten+golfclub+bad+windsheim&amp;qs=n&amp;form=QBRE&amp;sp=-1&amp;ghc=1&amp;pq=gps+koordinaten+golfclub+bad+windsheim&amp;sc=1-38&amp;sk=&amp;cvid=9D042C758AE84B07BC802D8DDE50D722#\" target=\"_blank\" rel=\"noreferrer noopener\">49,510487, 10,393765<\/a><\/p>\n\n\n\n<p class=\"has-custom-akzent-color has-text-color has-link-color wp-elements-04faa6179b05bc29b208690167047597\"><strong>Right nearby:<\/strong><\/p>\n\n\n\n<p><strong>Next station:<\/strong> Bad Windsheim (approx. 1 km)<br><strong>Nearest airport:<\/strong> Nuremberg, Albrecht D\u00fcrer<br><strong>Nearest highway: <\/strong> A7, approx. 15 km<\/p>\n<\/div>\n<\/div>\n\n\n\n<div class=\"wp-block-column is-layout-flow wp-block-column-is-layout-flow\">\n<div class=\"embed\" data-embed-category=\"marketing\">\n  <div class=\"embed__placeholder\">\n    This content (e.g. YouTube\/Maps) will only be loaded once you have given your consent.\n    <button type=\"button\" onclick=\"window.pressidiumOpenSettings?.()\">Cookie settings<\/button>\n  <\/div>\n\n  <iframe class=\"golf-map-iframe\" data-src=\"https:\/\/www.google.com\/maps\/embed?pb=!1m18!1m12!1m3!1d2590.614927581084!2d10.389915813100135!3d49.51066545446284!2m3!1f0!2f0!3f0!3m2!1i1024!2i768!4f13.1!3m3!1m2!1s0x47989e80812c2ed5%3A0xba43d1555de708e4!2sGolfclub%20Reichsstadt%20Bad%20Windsheim%20e.V.!5e0!3m2!1sde!2sde!4v1772200552203!5m2!1sde!2sde\" style=\"border:0;\" allowfullscreen=\"\" loading=\"lazy\" referrerpolicy=\"no-referrer-when-downgrade\"><\/iframe>\n<\/div>\n\n    <a class=\"golf-award-btn golf-rv-btn\" href=\"\/en\/kontakt\/\">Contact Us<\/a>\n<\/div>\n<\/div>","protected":false},"excerpt":{"rendered":"<p>\u00d6ffnungszeiten Sekretariat Dezember bis Februar:Winterpause Sekretariat.Erreichbarkeit nur per E-Mail oder Anrufbeantworter. M\u00e4rz:t\u00e4glich 10:00 &#8211; 15:00 Uhr* April bis Oktober:t\u00e4glich 9:00 bis 16:00 Uhr* November:t\u00e4glich 10:00 bis 15:00 Uhr* * Witterungsbedingt ist eine fr\u00fchere Schlie\u00dfung m\u00f6glich. Unsere Adresse: Adresse:Golfclub Reichsstadt Bad Windsheim e.V.Otmar-Schaller-Allee 191438 Bad Windsheim GPS: 49,510487, 10,393765 Ganz in der N\u00e4he: N\u00e4chster Bahnhof: Bad [&hellip;]<\/p>\n","protected":false},"author":1,"featured_media":1265,"parent":0,"menu_order":0,"comment_status":"closed","ping_status":"closed","template":"","meta":{"footnotes":""},"class_list":["post-411","page","type-page","status-publish","has-post-thumbnail","hentry"],"_links":{"self":[{"href":"https:\/\/golf-bw.de\/en\/wp-json\/wp\/v2\/pages\/411","targetHints":{"allow":["GET"]}}],"collection":[{"href":"https:\/\/golf-bw.de\/en\/wp-json\/wp\/v2\/pages"}],"about":[{"href":"https:\/\/golf-bw.de\/en\/wp-json\/wp\/v2\/types\/page"}],"author":[{"embeddable":true,"href":"https:\/\/golf-bw.de\/en\/wp-json\/wp\/v2\/users\/1"}],"replies":[{"embeddable":true,"href":"https:\/\/golf-bw.de\/en\/wp-json\/wp\/v2\/comments?post=411"}],"version-history":[{"count":21,"href":"https:\/\/golf-bw.de\/en\/wp-json\/wp\/v2\/pages\/411\/revisions"}],"predecessor-version":[{"id":2075,"href":"https:\/\/golf-bw.de\/en\/wp-json\/wp\/v2\/pages\/411\/revisions\/2075"}],"wp:featuredmedia":[{"embeddable":true,"href":"https:\/\/golf-bw.de\/en\/wp-json\/wp\/v2\/media\/1265"}],"wp:attachment":[{"href":"https:\/\/golf-bw.de\/en\/wp-json\/wp\/v2\/media?parent=411"}],"curies":[{"name":"wp","href":"https:\/\/api.w.org\/{rel}","templated":true}]}}