{"id":419,"date":"2026-01-15T23:02:28","date_gmt":"2026-01-15T23:02:28","guid":{"rendered":"https:\/\/golfbwneu20267188.live-website.com\/?page_id=419"},"modified":"2026-03-18T17:25:09","modified_gmt":"2026-03-18T17:25:09","slug":"uebungsanlagen","status":"publish","type":"page","link":"https:\/\/golf-bw.de\/en\/uebungsanlagen\/","title":{"rendered":"Training Facilities"},"content":{"rendered":"<div class=\"wp-block-group golf-banner is-layout-constrained wp-block-group-is-layout-constrained\">\n<h4 class=\"wp-block-heading has-custom-akzent-color has-text-color has-link-color wp-elements-243770cf2d291402653300df42fcf77f\">Policy regarding dogs<\/h4>\n\n\n\n<p><br>Dogs are expressly permitted on the driving range every day. However, please observe the relevant rules!<br><\/p>\n\n\n\n<div class=\"wp-block-buttons is-layout-flex wp-block-buttons-is-layout-flex\">\n<div class=\"wp-block-button\"><a class=\"wp-block-button__link wp-element-button\" href=\"https:\/\/golfbwneu20267188.live-website.com\/wp-content\/uploads\/2026\/03\/Regeln2_Hunde07_2023.pdf\" target=\"_blank\" rel=\"noreferrer noopener\">Download Rules<\/a><\/div>\n<\/div>\n<\/div>\n\n\n\n<div style=\"height:60px\" aria-hidden=\"true\" class=\"wp-block-spacer\"><\/div>\n\n\n\n<div id=\"winter-greenfee\" class=\"wp-block-group golf-wrapper-card is-layout-constrained wp-block-group-is-layout-constrained\">\n<h3 class=\"wp-block-heading has-text-align-center has-custom-akzent-color has-text-color has-link-color wp-elements-b6af83fc4582bf2c3dae0ce78e7c6d2d\">Sommer-Greenfee f\u00fcr die DrivingRange<\/h3>\n\n\n\n<div style=\"height:21px\" aria-hidden=\"true\" class=\"wp-block-spacer\"><\/div>\n\n\n\n<figure class=\"wp-block-table alignwide is-style-regular golf-price-table\"><table><thead><tr><th><strong>Price range<\/strong> including putting\/pitching green<\/th><th><strong>Monday\u2013Friday<\/strong><\/th><th><strong>Saturday\u2013Sunday + Holidays<\/strong><\/th><\/tr><\/thead><tbody><tr><td>Adults (regular)<\/td><td>10 \u20ac<\/td><td>10 \u20ac<\/td><\/tr><tr><td>Children, college students, apprentices*<\/td><td>5 \u20ac<\/td><td>5 \u20ac<\/td><\/tr><\/tbody><\/table><\/figure>\n\n\n\n<div style=\"height:20px\" aria-hidden=\"true\" class=\"wp-block-spacer\"><\/div>\n\n\n\n<p class=\"has-normal-font-size\">*Discount for schoolchildren, college students, and apprentices upon presentation of valid ID!<\/p>\n\n\n\n<hr class=\"wp-block-separator alignwide has-alpha-channel-opacity is-style-dots\"\/>\n\n\n\n<h3 class=\"wp-block-heading has-text-align-center has-custom-akzent-color has-text-color has-link-color wp-elements-ea18af3a3538b563f0eb6e04164d522e\">Rental Equipment<\/h3>\n\n\n\n<figure class=\"wp-block-table alignwide is-style-regular golf-price-table\"><table><thead><tr><th><strong>Equipment for rent<\/strong><\/th><th><strong>Adults<\/strong><\/th><th><strong>Youth<\/strong><\/th><\/tr><\/thead><tbody><tr><td>Golf cart\/pull trolley<\/td><td>5 \u20ac<\/td><td>2,50 \u20ac<\/td><\/tr><tr><td>Rental racket (half set) (per day)<\/td><td>10 \u20ac<\/td><td>5 \u20ac<\/td><\/tr><tr><td>Caddybox (per week)<\/td><td>5 \u20ac<\/td><td>&#8211;<\/td><\/tr><tr><td>Caddy boxes with and without an electrical connection (year)<\/td><td>Upon request<\/td><td><\/td><\/tr><\/tbody><\/table><\/figure>\n<\/div>","protected":false},"excerpt":{"rendered":"<p>Regelung f\u00fcr Hunde Hunde sind ausdr\u00fccklich an allen Tagen auf der DrivingRange erlaubt. Bitte beachten Sie jedoch die entsprechenden Regeln! Sommer-Greenfee f\u00fcr die DrivingRange Preisklasse inkl. Putting-\/ Pitchinggreen Montag-Freitag Samstag-Sonntag + Feiertage Erwachsene regul\u00e4r 10 \u20ac 10 \u20ac Kinder, Sch\u00fcler, Studenten, Auszubildende* 5 \u20ac 5 \u20ac *Sch\u00fcler, Studenten und Auszubildende-Erm\u00e4\u00dfigung gegen Vorlage des Ausweises! Leih-Ausr\u00fcstung [&hellip;]<\/p>\n","protected":false},"author":1,"featured_media":1395,"parent":0,"menu_order":0,"comment_status":"closed","ping_status":"closed","template":"","meta":{"footnotes":""},"class_list":["post-419","page","type-page","status-publish","has-post-thumbnail","hentry"],"_links":{"self":[{"href":"https:\/\/golf-bw.de\/en\/wp-json\/wp\/v2\/pages\/419","targetHints":{"allow":["GET"]}}],"collection":[{"href":"https:\/\/golf-bw.de\/en\/wp-json\/wp\/v2\/pages"}],"about":[{"href":"https:\/\/golf-bw.de\/en\/wp-json\/wp\/v2\/types\/page"}],"author":[{"embeddable":true,"href":"https:\/\/golf-bw.de\/en\/wp-json\/wp\/v2\/users\/1"}],"replies":[{"embeddable":true,"href":"https:\/\/golf-bw.de\/en\/wp-json\/wp\/v2\/comments?post=419"}],"version-history":[{"count":6,"href":"https:\/\/golf-bw.de\/en\/wp-json\/wp\/v2\/pages\/419\/revisions"}],"predecessor-version":[{"id":2118,"href":"https:\/\/golf-bw.de\/en\/wp-json\/wp\/v2\/pages\/419\/revisions\/2118"}],"wp:featuredmedia":[{"embeddable":true,"href":"https:\/\/golf-bw.de\/en\/wp-json\/wp\/v2\/media\/1395"}],"wp:attachment":[{"href":"https:\/\/golf-bw.de\/en\/wp-json\/wp\/v2\/media?parent=419"}],"curies":[{"name":"wp","href":"https:\/\/api.w.org\/{rel}","templated":true}]}}