{"id":424,"date":"2026-01-15T23:03:49","date_gmt":"2026-01-15T23:03:49","guid":{"rendered":"https:\/\/golfbwneu20267188.live-website.com\/?page_id=424"},"modified":"2026-03-04T11:35:11","modified_gmt":"2026-03-04T11:35:11","slug":"wohnmobilstellplaetze","status":"publish","type":"page","link":"https:\/\/golf-bw.de\/en\/wohnmobilstellplaetze\/","title":{"rendered":"RV Parking Spaces"},"content":{"rendered":"<section class=\"golf-card golf-stays-card golf-rv-card\">\n  <header class=\"golf-stays-head\">\n    <h2 class=\"golf-stays-title\">RV and Golf<\/h2>\n    <p class=\"golf-stays-subtitle\">Only about 130 meters to the clubhouse.<\/p>\n  <\/header>\n\n  <div class=\"golf-stays-intro\">\n    <p>\n      For golfers, our golf course offers RV sites\u2014convenient, close to the clubhouse, and ideal\n      for a relaxing round.\n    <\/p>\n  <\/div>\n\n  <div class=\"golf-rv-facts\">\n\n    <div class=\"golf-rv-fact\">\n      <p class=\"golf-rv-label\">Space<\/p>\n      <p class=\"golf-rv-value\">Paved parking lot<\/p>\n    <\/div>\n\n    <div class=\"golf-rv-fact\">\n      <p class=\"golf-rv-label\">Electricity<\/p>\n      <p class=\"golf-rv-value\">4 campsites with electrical hookups<\/p>\n      <p class=\"golf-rv-note\">Additional campsites without electrical hookups<\/p>\n    <\/div>\n\n    <div class=\"golf-rv-fact\">\n      <p class=\"golf-rv-label\">Registration<\/p>\n      <p class=\"golf-rv-value\">Required<\/p>\n    <\/div>\n\n    <div class=\"golf-rv-fact\">\n      <p class=\"golf-rv-label\">Water \/ Waste Management<\/p>\n      <p class=\"golf-rv-value\">Water supply: no<\/p>\n      <p class=\"golf-rv-value\">Waste management: No<\/p>\n    <\/div>\n\n  <\/div>\n\n  <!-- Zusatzinfos als \u201cHinweis-Box\u201d im Card-Look -->\n  <div class=\"golf-rv-notes\">\n    <p>\n      <strong>Visitor tax:<\/strong> In the spa town of Bad Windsheim, the collection of a visitor\u2019s tax is mandatory for accommodations.\n      We therefore charge the following per person per night: <strong>7,50 \u20ac<\/strong>.\n    <\/p>\n    <p>\n      <strong>Restroom facilities:<\/strong> The showers and restrooms in the clubhouse are available for use.\n    <\/p>\n    <p>\n      <strong>Alternative parking spaces:<\/strong> You can find additional parking spaces at <a href=\"https:\/\/www.phoenix-reisemobilhafen.de\/\" target=\"_blank\">Wohnmobilhafen<\/a>, right next to the Franken Therme.\n    <\/p>\n  <\/div>\n<\/br>\n  <footer class=\"golf-rv-footer\">\n    <a class=\"golf-award-btn golf-rv-btn\" href=\"\/en\/anfahrt-oeffnungszeiten\/\">Request a parking space<\/a>\n  <\/footer>\n<\/section>","protected":false},"excerpt":{"rendered":"<p>Wohnmobil und Golfen Nur ca. 130 Meter zum Clubhaus. F\u00fcr Golfer bietet unser Golfplatz Wohnmobilstellpl\u00e4tze an \u2013 unkompliziert, nah am Clubhaus und ideal f\u00fcr eine entspannte Runde. Platz Befestigter Parkplatz Strom 4 Stellpl\u00e4tze mit Stromanschluss Weitere Stellpl\u00e4tze ohne Stromanschluss Anmeldung Anmeldung ben\u00f6tigt Wasser \/ Entsorgung Wasserversorgung: nein Entsorgung: nein Kurtaxe: Im Kurort Bad Windsheim ist [&hellip;]<\/p>\n","protected":false},"author":1,"featured_media":1049,"parent":0,"menu_order":0,"comment_status":"closed","ping_status":"closed","template":"","meta":{"footnotes":""},"class_list":["post-424","page","type-page","status-publish","has-post-thumbnail","hentry"],"_links":{"self":[{"href":"https:\/\/golf-bw.de\/en\/wp-json\/wp\/v2\/pages\/424","targetHints":{"allow":["GET"]}}],"collection":[{"href":"https:\/\/golf-bw.de\/en\/wp-json\/wp\/v2\/pages"}],"about":[{"href":"https:\/\/golf-bw.de\/en\/wp-json\/wp\/v2\/types\/page"}],"author":[{"embeddable":true,"href":"https:\/\/golf-bw.de\/en\/wp-json\/wp\/v2\/users\/1"}],"replies":[{"embeddable":true,"href":"https:\/\/golf-bw.de\/en\/wp-json\/wp\/v2\/comments?post=424"}],"version-history":[{"count":9,"href":"https:\/\/golf-bw.de\/en\/wp-json\/wp\/v2\/pages\/424\/revisions"}],"predecessor-version":[{"id":1482,"href":"https:\/\/golf-bw.de\/en\/wp-json\/wp\/v2\/pages\/424\/revisions\/1482"}],"wp:featuredmedia":[{"embeddable":true,"href":"https:\/\/golf-bw.de\/en\/wp-json\/wp\/v2\/media\/1049"}],"wp:attachment":[{"href":"https:\/\/golf-bw.de\/en\/wp-json\/wp\/v2\/media?parent=424"}],"curies":[{"name":"wp","href":"https:\/\/api.w.org\/{rel}","templated":true}]}}