{"id":426,"date":"2026-01-15T23:04:09","date_gmt":"2026-01-15T23:04:09","guid":{"rendered":"https:\/\/golfbwneu20267188.live-website.com\/?page_id=426"},"modified":"2026-03-15T18:19:40","modified_gmt":"2026-03-15T18:19:40","slug":"partnerhotels","status":"publish","type":"page","link":"https:\/\/golf-bw.de\/en\/partnerhotels\/","title":{"rendered":"Partner Hotels"},"content":{"rendered":"<section class=\"golf-card golf-stays-card\">\n  <header class=\"golf-stays-head\">\n    <h2 class=\"golf-stays-title\">Partner Hotels of the Bad Windsheim Golf Club<\/h2>\n    <p class=\"golf-stays-subtitle\">Accommodations &amp; Special Packages at Discounted Rates<\/p>\n  <\/header>\n\n  <div class=\"golf-stays-intro\">\n    <p>\n      Our partner hotels not only offer guests comfortable rooms, but also often provide special packages for golfers.\n    <\/p>\n  <\/div>\n\n  <div class=\"golf-stays-grid\">\n\n    <!-- Flair Hotel Zum Storchen -->\n    <article class=\"golf-stay-tile\">\n      <figure class=\"golf-stay-media\">\n        <img decoding=\"async\" src=\"\/wp-content\/uploads\/2026\/03\/HotelStorchen_2023-1920w.jpg\" alt=\"Flair Hotel Zum Storchen\">\n      <\/figure>\n\n      <h3 class=\"golf-stay-name\">Flair Hotel Zum Storchen<\/h3>\n      <p class=\"golf-stay-addr\">\n        Weinmarkt 6<br>\n        91438 Bad Windsheim\n      <\/p>\n      <p class=\"golf-stay-meta\">\n        Tel.: <a href=\"tel:+499841669890\">09841 \/ 66 98 90<\/a>\n      <\/p>\n\n      <div class=\"golf-stay-actions\">\n        <a class=\"golf-stay-link\" href=\"https:\/\/zumstorchen.de\/\" target=\"_blank\" rel=\"noopener\">Visit website<\/a>\n      <\/div>\n    <\/article>\n\n    <!-- Vital Hotel an der Therme -->\n    <article class=\"golf-stay-tile\">\n      <figure class=\"golf-stay-media\">\n        <img decoding=\"async\" src=\"\/wp-content\/uploads\/2026\/03\/8-1920w.jpg\" alt=\"Vital Hotel an der Therme\">\n      <\/figure>\n\n      <h3 class=\"golf-stay-name\">Vital Hotel an der Therme<\/h3>\n      <p class=\"golf-stay-addr\">\n        Erkenbrechtallee 14<br>\n        91438 Bad Windsheim\n      <\/p>\n      <p class=\"golf-stay-meta\">\n        Tel.: <a href=\"tel:+499841689990\">09841 \/ 68 99 9 &#8211; 0<\/a>\n      <\/p>\n\n      <div class=\"golf-stay-actions\">\n        <a class=\"golf-stay-link\" href=\"https:\/\/vital-hotel-adt.de\/\" target=\"_blank\" rel=\"noopener\">Visit website<\/a>\n      <\/div>\n    <\/article>\n\n    <!-- Hotel Pyramide Bad Windsheim -->\n    <article class=\"golf-stay-tile\">\n      <figure class=\"golf-stay-media\">\n        <img decoding=\"async\" src=\"\/wp-content\/uploads\/2026\/03\/HotelPyramide-1920w-1920w.webp\" alt=\"Hotel Pyramide Bad Windsheim\">\n      <\/figure>\n\n      <h3 class=\"golf-stay-name\">Hotel Pyramide Bad Windsheim<\/h3>\n      <p class=\"golf-stay-addr\">\n        Erkenbrechtallee 6<br>\n        91438 Bad Windsheim\n      <\/p>\n      <p class=\"golf-stay-meta\">\n        Tel.: <a href=\"tel:+499841682000\">09841 \/ 68 20 00<\/a>\n      <\/p>\n\n      <div class=\"golf-stay-actions\">\n        <a class=\"golf-stay-link\" href=\"https:\/\/kurhotel-pyramide-badwindsheim.de\/\" target=\"_blank\" rel=\"noopener\">Visit website<\/a>\n      <\/div>\n    <\/article>\n\n    <!-- Hotel Am Kurpark Sp\u00e4th -->\n    <article class=\"golf-stay-tile\">\n      <figure class=\"golf-stay-media\">\n        <img decoding=\"async\" src=\"\/wp-content\/uploads\/2026\/03\/2022-hotel-spaeth-aussenansicht.jpg\" alt=\"Hotel Am Kurpark Sp\u00e4th\">\n      <\/figure>\n\n      <h3 class=\"golf-stay-name\">Hotel Am Kurpark Sp\u00e4th<\/h3>\n      <p class=\"golf-stay-addr\">\n        Oberntiefer Stra\u00dfe 40<br>\n        91438 Bad Windsheim\n      <\/p>\n\n      <div class=\"golf-stay-actions\">\n        <a class=\"golf-stay-link\" href=\"https:\/\/hotel-spaeth.de\/\" target=\"_blank\" rel=\"noopener\">Visit website<\/a>\n      <\/div>\n    <\/article>\n\n    <!-- Reichel\u2019s Parkhotel -->\n    <article class=\"golf-stay-tile\">\n      <figure class=\"golf-stay-media\">\n        <img decoding=\"async\" src=\"\/wp-content\/uploads\/2026\/03\/284646964.jpg\" alt=\"Reichel\u2019s Parkhotel\">\n      <\/figure>\n\n      <h3 class=\"golf-stay-name\">Reichel\u2019s Parkhotel<\/h3>\n      <p class=\"golf-stay-addr\">\n        Am Stauchbrunnen 7-9<br>\n        91438 Bad Windsheim\n      <\/p>\n\n      <div class=\"golf-stay-actions\">\n        <a class=\"golf-stay-link\" href=\"https:\/\/reichels-parkhotel.de\/\" target=\"_blank\" rel=\"noopener\">Visit website<\/a>\n      <\/div>\n    <\/article>\n\n    <!-- Schloss Frankenberg -->\n    <article class=\"golf-stay-tile\">\n      <figure class=\"golf-stay-media\">\n        <img decoding=\"async\" src=\"\/wp-content\/uploads\/2026\/03\/SchlossFrankenberg_Aussenansicht003-1920w.jpg\" alt=\"Schloss Frankenberg\">\n      <\/figure>\n\n      <h3 class=\"golf-stay-name\">Schloss Frankenberg<\/h3>\n      <p class=\"golf-stay-addr\">\n        Schloss Frankenberg 1<br>\n        97215 Weigenheim\n      <\/p>\n\n      <div class=\"golf-stay-actions\">\n        <a class=\"golf-stay-link\" href=\"https:\/\/schloss-frankenberg.de\/\" target=\"_blank\" rel=\"noopener\">Visit website<\/a>\n      <\/div>\n    <\/article>\n\n  <\/div>\n\n<\/section>","protected":false},"excerpt":{"rendered":"<p>Partnerhotels des Golfclubs Bad Windsheim \u00dcbernachtung &#038; attraktive Arrangements mit Vorteilspreisen Unsere Partnerhotels bieten G\u00e4sten nicht nur komfortable Zimmer, sondern oft auch spezielle Arrangements f\u00fcr Golfurlauber. Flair Hotel Zum Storchen Weinmarkt 6 91438 Bad Windsheim Tel.: 09841 \/ 66 98 90 Zur Website Vital Hotel an der Therme Erkenbrechtallee 14 91438 Bad Windsheim Tel.: 09841 [&hellip;]<\/p>\n","protected":false},"author":1,"featured_media":1470,"parent":0,"menu_order":0,"comment_status":"closed","ping_status":"closed","template":"","meta":{"footnotes":""},"class_list":["post-426","page","type-page","status-publish","has-post-thumbnail","hentry"],"_links":{"self":[{"href":"https:\/\/golf-bw.de\/en\/wp-json\/wp\/v2\/pages\/426","targetHints":{"allow":["GET"]}}],"collection":[{"href":"https:\/\/golf-bw.de\/en\/wp-json\/wp\/v2\/pages"}],"about":[{"href":"https:\/\/golf-bw.de\/en\/wp-json\/wp\/v2\/types\/page"}],"author":[{"embeddable":true,"href":"https:\/\/golf-bw.de\/en\/wp-json\/wp\/v2\/users\/1"}],"replies":[{"embeddable":true,"href":"https:\/\/golf-bw.de\/en\/wp-json\/wp\/v2\/comments?post=426"}],"version-history":[{"count":4,"href":"https:\/\/golf-bw.de\/en\/wp-json\/wp\/v2\/pages\/426\/revisions"}],"predecessor-version":[{"id":1989,"href":"https:\/\/golf-bw.de\/en\/wp-json\/wp\/v2\/pages\/426\/revisions\/1989"}],"wp:featuredmedia":[{"embeddable":true,"href":"https:\/\/golf-bw.de\/en\/wp-json\/wp\/v2\/media\/1470"}],"wp:attachment":[{"href":"https:\/\/golf-bw.de\/en\/wp-json\/wp\/v2\/media?parent=426"}],"curies":[{"name":"wp","href":"https:\/\/api.w.org\/{rel}","templated":true}]}}