{"id":428,"date":"2026-01-15T23:04:18","date_gmt":"2026-01-15T23:04:18","guid":{"rendered":"https:\/\/golfbwneu20267188.live-website.com\/?page_id=428"},"modified":"2026-03-03T14:06:30","modified_gmt":"2026-03-03T14:06:30","slug":"ferienwohnungen","status":"publish","type":"page","link":"https:\/\/golf-bw.de\/en\/ferienwohnungen\/","title":{"rendered":"Holiday apartment"},"content":{"rendered":"<section class=\"golf-card golf-stays-card\">\n  <header class=\"golf-stays-head\">\n    <h2 class=\"golf-stays-title\">Holiday apartments nearby<\/h2>\n    <p class=\"golf-stays-subtitle\">Can be combined with our vacation green fee weeks.<\/p>\n  <\/header>\n\n  <div class=\"golf-stays-intro\">\n    <p>\n      Interesting accommodations near the golf course \u2013 perfect for combining golf, the thermal baths,\n      the old town, and excursions in the region.\n    <\/p>\n  <\/div>\n\n  <div class=\"golf-stays-grid\">\n\n    <!-- 1) Ferienhaus Kur & Golf -->\n    <article class=\"golf-stay-tile\">\n      <figure class=\"golf-stay-media\">\n        <img decoding=\"async\" src=\"\/wp-content\/uploads\/2026\/03\/Wattenbach-1920w.jpg\" alt=\"Ferienhaus Kur &#038; Golf\">\n      <\/figure>\n\n      <h3 class=\"golf-stay-name\">Vacation Home: Spa &amp; Golf<\/h3>\n      <p class=\"golf-stay-host\">Fam. Wattenbach<\/p>\n\n      <p class=\"golf-stay-addr\">\n        Oberntiefer Str. 62<br>\n        91438 Bad Windsheim\n      <\/p>\n\n      <p class=\"golf-stay-meta\">\n        Tel.: <a href=\"tel:+4998415590\">09841 \/ 5590<\/a>\n      <\/p>\n\n      <p class=\"golf-stay-note\">Location: between the spa gardens and the golf course (about 5 minutes each)<\/p>\n\n      <div class=\"golf-stay-actions\">\n        <a class=\"golf-stay-link\" href=\"https:\/\/www.kur-golf.de\/\" target=\"_blank\" rel=\"noopener\">Visit website<\/a>\n      <\/div>\n    <\/article>\n\n    <!-- 2) Karuna Haus -->\n    <article class=\"golf-stay-tile\">\n      <figure class=\"golf-stay-media\">\n        <img decoding=\"async\" src=\"\/wp-content\/uploads\/2026\/03\/94416721.jpg\" alt=\"Karuna Haus\">\n      <\/figure>\n\n      <h3 class=\"golf-stay-name\">Karuna Haus<\/h3>\n      <p class=\"golf-stay-host\">Fam. Wittwer<\/p>\n\n      <p class=\"golf-stay-addr\">\n        Adam-Krafft-Weg 2<br>\n        91438 Bad Windsheim\n      <\/p>\n\n      <p class=\"golf-stay-meta\">\n        Tel.: <a href=\"tel:+499841650574\">09841 \/ 650574<\/a>\n      <\/p>\n\n      <p class=\"golf-stay-note\">Location: Quiet<\/p>\n\n      <div class=\"golf-stay-actions\">\n        <a class=\"golf-stay-link\" href=\"https:\/\/www.ferienwohnung-karunahaus.de\/\" target=\"_blank\" rel=\"noopener\">Visit website<\/a>\n      <\/div>\n    <\/article>\n\n    <!-- 3) G\u00e4ste-Oase -->\n    <article class=\"golf-stay-tile\">\n      <figure class=\"golf-stay-media\">\n        <img decoding=\"async\" src=\"\/wp-content\/uploads\/2026\/03\/Hauschka-1920w.jpg\" alt=\"G\u00e4ste-Oase\">\n      <\/figure>\n\n      <h3 class=\"golf-stay-name\">G\u00e4ste-Oase<\/h3>\n      <p class=\"golf-stay-host\">Fam. Hauschka<\/p>\n\n      <p class=\"golf-stay-addr\">\n        Illesheimer Str. 27<br>\n        91438 Bad Windsheim\n      <\/p>\n\n      <p class=\"golf-stay-meta\">\n        Tel.: <a href=\"tel:+499841693535\">09841 \/ 693535<\/a>\n      <\/p>\n\n      <p class=\"golf-stay-note\">Location: near the city<\/p>\n\n      <div class=\"golf-stay-actions\">\n        <!-- falls du hier keine Website hast, den Button einfach entfernen -->\n        <a class=\"golf-stay-link\" href=\"https:\/\/gaeste-oase-bad-windsheim.de\/\" target=\"_blank\" rel=\"noopener\">Visit website<\/a>\n      <\/div>\n    <\/article>\n\n    <!-- 4) Phoenix-Reisemobilhafen -->\n    <article class=\"golf-stay-tile\">\n      <figure class=\"golf-stay-media\">\n        <img decoding=\"async\" src=\"\/wp-content\/uploads\/2026\/03\/Reisemobilhafen-1920w.jpg\" alt=\"Phoenix-Reisemobilhafen\">\n      <\/figure>\n\n      <h3 class=\"golf-stay-name\">Phoenix-Reisemobilhafen<\/h3>\n      <p class=\"golf-stay-host\">Bad Windsheim<\/p>\n\n      <p class=\"golf-stay-addr\">\n        Erkenbrechtallee 33<br>\n        91438 Bad Windsheim\n      <\/p>\n\n      <p class=\"golf-stay-meta\">\n        Tel.: <a href=\"tel:+4998416767\">09841 \/ 6767<\/a>\n      <\/p>\n\n      <p class=\"golf-stay-note\">Location: Near the spa\/thermal baths<\/p>\n\n      <div class=\"golf-stay-actions\">\n        <a class=\"golf-stay-link\" href=\"https:\/\/www.phoenix-reisemobilhafen.de\/\" target=\"_blank\" rel=\"noopener\">Visit website<\/a>\n      <\/div>\n    <\/article>\n\n    <!-- 5) Ickelhaus -->\n    <article class=\"golf-stay-tile\">\n      <figure class=\"golf-stay-media\">\n        <img decoding=\"async\" src=\"\/wp-content\/uploads\/2026\/03\/Ickelheim-1920w.jpg\" alt=\"Ickelhaus\">\n      <\/figure>\n\n      <h3 class=\"golf-stay-name\">Ickelhaus<\/h3>\n      <p class=\"golf-stay-host\">Bad Windsheim<\/p>\n\n      <p class=\"golf-stay-addr\">\n        Ickelheim (Ortsteil)<br>\n        91438 Bad Windsheim\n      <\/p>\n\n      <p class=\"golf-stay-meta\">\n        Tel.: <a href=\"tel:+499841123456\">09841 \/ \u2026<\/a>\n      <\/p>\n\n      <p class=\"golf-stay-note\">Location: rural \/ quiet<\/p>\n\n      <div class=\"golf-stay-actions\">\n        <a class=\"golf-stay-link\" href=\"https:\/\/www.urlaub-im-ickelhaus.de\/\" target=\"_blank\" rel=\"noopener\">Visit website<\/a>\n      <\/div>\n    <\/article>\n\n  <\/div>\n\n  <footer class=\"golf-stays-footer\">\n    <a class=\"golf-stays-more\" href=\"\/en\/partnerhotels\/\">See our partner hotels<\/a>\n  <\/footer>\n<\/section>","protected":false},"excerpt":{"rendered":"<p>Ferienwohnungen in der N\u00e4he Kombinierbar mit unseren Urlaubs-Greenfee-Wochen. Interessante Unterk\u00fcnfte in der N\u00e4he der Golfanlage \u2013 ideal f\u00fcr eine Kombination aus Golf, Therme, Altstadt und Ausfl\u00fcgen in die Region. Ferienhaus Kur &amp; Golf Fam. Wattenbach Oberntiefer Str. 62 91438 Bad Windsheim Tel.: 09841 \/ 5590 Lage: zwischen Kurpark und Golfplatz (je ca. 5 Min.) Zur [&hellip;]<\/p>\n","protected":false},"author":1,"featured_media":1049,"parent":0,"menu_order":0,"comment_status":"closed","ping_status":"closed","template":"","meta":{"footnotes":""},"class_list":["post-428","page","type-page","status-publish","has-post-thumbnail","hentry"],"_links":{"self":[{"href":"https:\/\/golf-bw.de\/en\/wp-json\/wp\/v2\/pages\/428","targetHints":{"allow":["GET"]}}],"collection":[{"href":"https:\/\/golf-bw.de\/en\/wp-json\/wp\/v2\/pages"}],"about":[{"href":"https:\/\/golf-bw.de\/en\/wp-json\/wp\/v2\/types\/page"}],"author":[{"embeddable":true,"href":"https:\/\/golf-bw.de\/en\/wp-json\/wp\/v2\/users\/1"}],"replies":[{"embeddable":true,"href":"https:\/\/golf-bw.de\/en\/wp-json\/wp\/v2\/comments?post=428"}],"version-history":[{"count":9,"href":"https:\/\/golf-bw.de\/en\/wp-json\/wp\/v2\/pages\/428\/revisions"}],"predecessor-version":[{"id":1459,"href":"https:\/\/golf-bw.de\/en\/wp-json\/wp\/v2\/pages\/428\/revisions\/1459"}],"wp:featuredmedia":[{"embeddable":true,"href":"https:\/\/golf-bw.de\/en\/wp-json\/wp\/v2\/media\/1049"}],"wp:attachment":[{"href":"https:\/\/golf-bw.de\/en\/wp-json\/wp\/v2\/media?parent=428"}],"curies":[{"name":"wp","href":"https:\/\/api.w.org\/{rel}","templated":true}]}}