{"id":440,"date":"2026-01-15T23:08:16","date_gmt":"2026-01-15T23:08:16","guid":{"rendered":"https:\/\/golfbwneu20267188.live-website.com\/?page_id=440"},"modified":"2026-03-18T19:00:58","modified_gmt":"2026-03-18T19:00:58","slug":"platzreifekurse","status":"publish","type":"page","link":"https:\/\/golf-bw.de\/en\/platzreifekurse\/","title":{"rendered":"Courses for the Golf Licence"},"content":{"rendered":"<section class=\"golf-card golf-pr-card\">\n  <header class=\"golf-card-head\">\n    <h2 class=\"golf-card-title\">Courses for the Golf Licence<\/h2>\n    <p class=\"golf-card-subtitle\">Your introduction to golf \u2013 structured, relaxed, and hands-on.<\/p>\n  <\/header>\n\n  <div class=\"golf-pr-hero\">\n    <div class=\"golf-pr-text\">\n      <p><strong>Want to learn how to play golf properly?<\/strong> In our golf certification courses, you'll learn the techniques, rules, and on-course skills\u2014step by step.<\/p>\n      <p>By the end, you'll be ready for the golf license exam and your first round on the course.<\/p>\n\n      <div class=\"golf-pr-cta\">\n        <a class=\"golf-award-btn\" href=\"#form-platzreife\">Kurs ausw\u00e4hlen<\/a>\n      <\/div>\n    <\/div>\n\n    <figure class=\"golf-pr-media\">\n      <img decoding=\"async\" src=\"\/wp-content\/uploads\/2026\/03\/PRKurs05.07-1920w-1920w.webp\" alt=\"Platzreifekurs im Golfclub Bad Windsheim\">\n    <\/figure>\n  <\/div>\n<\/section>\n\n\n<!-- =========================\n     Platzreife \u2013 VIDEO\n========================= -->\n<section class=\"golf-card golf-pr-card\">\n\n  <header class=\"golf-card-head\">\n    <h2 class=\"golf-card-title\">Here's how the course works<\/h2>\n    <p class=\"golf-card-subtitle\">A brief overview of the schedule and content.<\/p>\n  <\/header>\n\n  <div class=\"golf-pr-video\">\n\n    <div class=\"golf-pr-video-frame embed\" data-embed-category=\"marketing\">\n\n      <div class=\"embed__placeholder\">\n        This content (e.g. YouTube\/Maps) will only be loaded once you have given your consent.\n        <button type=\"button\" onclick=\"window.pressidiumOpenSettings?.()\">\n          Cookie settings\n        <\/button>\n      <\/div>\n\n      <iframe\n        data-src=\"https:\/\/www.youtube-nocookie.com\/embed\/0DCjbull9Yo?si=VlRgZdr291CSWER_\"\n        title=\"So l\u00e4uft der Platzreifekurs ab\"\n        frameborder=\"0\"\n        allow=\"accelerometer; autoplay; clipboard-write; encrypted-media; gyroscope; picture-in-picture\"\n        allowfullscreen\n loading=\"lazy\"\n        referrerpolicy=\"no-referrer-when-downgrade\">\n      <\/iframe>\n\n    <\/div>\n\n    <p class=\"golf-pr-note\">\n      Note: You can find the exact dates and prices in the inquiry form (dropdown menu) or on the pricing page.\n    <\/p>\n\n  <\/div>\n\n<\/section>\n\n\n<!-- =========================\n     Platzreife \u2013 INFOS (statt Tabelle)\n========================= -->\n<section class=\"golf-card golf-pr-card\">\n  <header class=\"golf-card-head\">\n    <h2 class=\"golf-card-title\">Course Information at a Glance<\/h2>\n    <p class=\"golf-card-subtitle\">All the essentials in one place \u2013 just fill in the dates and prices on the form.<\/p>\n  <\/header>\n\n  <div class=\"golf-pr-info-grid\">\n    <div class=\"golf-pr-info\">\n      <h3>Contents<\/h3>\n      <p>Basic techniques, rules &amp; etiquette, safety, on-course etiquette.<\/p>\n    <\/div>\n\n    <div class=\"golf-pr-info\">\n      <h3>Who is it for?<\/h3>\n      <p>Beginners and those returning to the sport \u2013 no prior experience required.<\/p>\n    <\/div>\n\n    <div class=\"golf-pr-info\">\n      <h3>Equipment<\/h3>\n      <p>Rental racquets may be available depending on availability (if available\/requested).<\/p>\n    <\/div>\n\n    <div class=\"golf-pr-info\">\n      <h3>Questions?<\/h3>\n      <p>The quickest way is via the contact form or by phone.<\/p>\n    <\/div>\n  <\/div>\n<\/section>\n\n\n\n<section class=\"golf-card golf-pr-dates-card\">\n  <header class=\"golf-card-head\">\n    <p class=\"golf-card-eyebrow\">Courses for the Golf Licence 2026<\/p>\n    <h2 class=\"golf-card-title\">Dates at a glance<\/h2>\n    <p class=\"golf-card-subtitle\">\n      Each golf licence course comprises 6 hours and takes place over three consecutive days from 2 pm to 4 pm.\n    <\/p>\n  <\/header>\n\n  <div class=\"golf-pr-dates-info\">\n    <div class=\"golf-pr-dates-info__item\">\n      <strong>Duration<\/strong>\n      <span>6 hours per course<\/span>\n    <\/div>\n    <div class=\"golf-pr-dates-info__item\">\n      <strong>Times<\/strong>\n      <span>from 2.00 pm to 4.00 pm<\/span>\n    <\/div>\n    <div class=\"golf-pr-dates-info__item\">\n      <strong>Registration<\/strong>\n      <span>via the enquiry form<\/span>\n    <\/div>\n  <\/div>\n\n  <div class=\"golf-pr-dates-grid\">\n\n    <article class=\"golf-pr-date-item\">\n      <div class=\"golf-pr-date-badge\">April \u00b7 Course 1<\/div>\n      <ul class=\"golf-pr-date-list\">\n        <li><strong>Friday, 24 April 2026<\/strong><span>2.00\u20134.00 pm<\/span><\/li>\n        <li><strong>Saturday, 25 April 2026<\/strong><span>2.00\u20134.00 pm<\/span><\/li>\n        <li><strong>Sunday, 26 April 2026<\/strong><span>2.00\u20134.00 pm<\/span><\/li>\n      <\/ul>\n    <\/article>\n\n    <article class=\"golf-pr-date-item\">\n      <div class=\"golf-pr-date-badge\">May \u00b7 Course 1<\/div>\n      <ul class=\"golf-pr-date-list\">\n        <li><strong>Friday, 8 May 2026<\/strong><span>2.00\u20134.00 pm<\/span><\/li>\n        <li><strong>Saturday, 9 May 2026<\/strong><span>2.00\u20134.00 pm<\/span><\/li>\n        <li><strong>Sunday, 10 May 2026<\/strong><span>2.00\u20134.00 pm<\/span><\/li>\n      <\/ul>\n    <\/article>\n\n    <article class=\"golf-pr-date-item\">\n      <div class=\"golf-pr-date-badge\">May \u00b7 Course 2<\/div>\n      <ul class=\"golf-pr-date-list\">\n        <li><strong>Friday, 29 May 2026<\/strong><span>2.00\u20134.00 pm<\/span><\/li>\n        <li><strong>Saturday, 30 May 2026<\/strong><span>2.00\u20134.00 pm<\/span><\/li>\n        <li><strong>Sunday, 31 May 2026<\/strong><span>2.00\u20134.00 pm<\/span><\/li>\n      <\/ul>\n    <\/article>\n\n    <article class=\"golf-pr-date-item\">\n      <div class=\"golf-pr-date-badge\">June \u00b7 Course 1<\/div>\n      <ul class=\"golf-pr-date-list\">\n        <li><strong>Friday, 12 June 2026<\/strong><span>2.00\u20134.00 pm<\/span><\/li>\n        <li><strong>Saturday, 13 June 2026<\/strong><span>2.00\u20134.00 pm<\/span><\/li>\n        <li><strong>Sunday, 14 June 2026<\/strong><span>2.00\u20134.00 pm<\/span><\/li>\n      <\/ul>\n    <\/article>\n\n    <article class=\"golf-pr-date-item\">\n      <div class=\"golf-pr-date-badge\">June \u00b7 Course 2<\/div>\n      <ul class=\"golf-pr-date-list\">\n        <li><strong>Friday, 26 June 2026<\/strong><span>2.00\u20134.00 pm<\/span><\/li>\n        <li><strong>Saturday, 27 June 2026<\/strong><span>2.00\u20134.00 pm<\/span><\/li>\n        <li><strong>Sunday, 28 June 2026<\/strong><span>2.00\u20134.00 pm<\/span><\/li>\n      <\/ul>\n    <\/article>\n\n    <article class=\"golf-pr-date-item\">\n      <div class=\"golf-pr-date-badge\">July \u00b7 Course 1<\/div>\n      <ul class=\"golf-pr-date-list\">\n        <li><strong>Friday, 17 July 2026<\/strong><span>2.00\u20134.00 pm<\/span><\/li>\n        <li><strong>Saturday, 18 July 2026<\/strong><span>2.00\u20134.00 pm<\/span><\/li>\n        <li><strong>Sunday, 19 July 2026<\/strong><span>2.00\u20134.00 pm<\/span><\/li>\n      <\/ul>\n    <\/article>\n\n    <article class=\"golf-pr-date-item\">\n      <div class=\"golf-pr-date-badge\">July \/ August \u00b7 Course 1<\/div>\n      <ul class=\"golf-pr-date-list\">\n        <li><strong>Friday, 31 July 2026<\/strong><span>2.00\u20134.00 pm<\/span><\/li>\n        <li><strong>Saturday, 1 August 2026<\/strong><span>2.00\u20134.00 pm<\/span><\/li>\n        <li><strong>Sunday, 2 August 2026<\/strong><span>2.00\u20134.00 pm<\/span><\/li>\n      <\/ul>\n    <\/article>\n\n    <article class=\"golf-pr-date-item\">\n      <div class=\"golf-pr-date-badge\">August \u00b7 Course 2<\/div>\n      <ul class=\"golf-pr-date-list\">\n        <li><strong>Friday, 14 August 2026<\/strong><span>2.00\u20134.00 pm<\/span><\/li>\n        <li><strong>Samstag, 15.08.2026<\/strong><span>2.00\u20134.00 pm<\/span><\/li>\n        <li><strong>Sunday, 16 August 2026<\/strong><span>2.00\u20134.00 pm<\/span><\/li>\n      <\/ul>\n    <\/article>\n\n    <article class=\"golf-pr-date-item\">\n      <div class=\"golf-pr-date-badge\">September \u00b7 Course 1<\/div>\n      <ul class=\"golf-pr-date-list\">\n        <li><strong>Friday, 4 September 2026<\/strong><span>2.00\u20134.00 pm<\/span><\/li>\n        <li><strong>Saturday, 5 September 2026<\/strong><span>2.00\u20134.00 pm<\/span><\/li>\n        <li><strong>Sunday, 6 September 2026<\/strong><span>2.00\u20134.00 pm<\/span><\/li>\n      <\/ul>\n    <\/article>\n\n    <article class=\"golf-pr-date-item\">\n      <div class=\"golf-pr-date-badge\">September \u00b7 Course 2<\/div>\n      <ul class=\"golf-pr-date-list\">\n        <li><strong>Friday, 18 September 2026<\/strong><span>2.00\u20134.00 pm<\/span><\/li>\n        <li><strong>Saturday, 19 September 2026<\/strong><span>2.00\u20134.00 pm<\/span><\/li>\n        <li><strong>Sunday, 20 September 2026<\/strong><span>2.00\u20134.00 pm<\/span><\/li>\n      <\/ul>\n    <\/article>\n\n    <article class=\"golf-pr-date-item\">\n      <div class=\"golf-pr-date-badge\">October \u00b7 Course 1<\/div>\n      <ul class=\"golf-pr-date-list\">\n        <li><strong>Friday, 2 October 2026<\/strong><span>2.00\u20134.00 pm<\/span><\/li>\n        <li><strong>Saturday, 3 October 2026<\/strong><span>2.00\u20134.00 pm<\/span><\/li>\n        <li><strong>Sunday, 4 October 2026<\/strong><span>2.00\u20134.00 pm<\/span><\/li>\n      <\/ul>\n    <\/article>\n\n  <\/div>\n\n  <div class=\"golf-pr-dates-note\">\n    <p>\n      <strong>Note:<\/strong> Dates may be rescheduled and events may be cancelled due to weather conditions. Please use the enquiry form to make a binding booking and for the latest information.\n    <\/p>\n  <\/div>\n<\/section>\n\n\n\n<div style=\"height:72px\" aria-hidden=\"true\" class=\"wp-block-spacer\"><\/div>\n\n\n\n<div id=\"form-platzreife\" class=\"wp-block-group is-layout-constrained wp-block-group-is-layout-constrained\">\n<div class=\"wpcf7 no-js\" id=\"wpcf7-f1538-o1\" lang=\"de-DE\" dir=\"ltr\" data-wpcf7-id=\"1538\">\n<div class=\"screen-reader-response\"><p role=\"status\" aria-live=\"polite\" aria-atomic=\"true\"><\/p> <ul><\/ul><\/div>\n<form action=\"\/en\/wp-json\/wp\/v2\/pages\/440#wpcf7-f1538-o1\" method=\"post\" class=\"wpcf7-form init\" aria-label=\"Contact form\" novalidate=\"novalidate\" data-status=\"init\" data-trp-original-action=\"\/en\/wp-json\/wp\/v2\/pages\/440#wpcf7-f1538-o1\">\n<fieldset class=\"hidden-fields-container\"><input type=\"hidden\" name=\"_wpcf7\" value=\"1538\" \/><input type=\"hidden\" name=\"_wpcf7_version\" value=\"6.1.5\" \/><input type=\"hidden\" name=\"_wpcf7_locale\" value=\"de_DE\" \/><input type=\"hidden\" name=\"_wpcf7_unit_tag\" value=\"wpcf7-f1538-o1\" \/><input type=\"hidden\" name=\"_wpcf7_container_post\" value=\"0\" \/><input type=\"hidden\" name=\"_wpcf7_posted_data_hash\" value=\"\" \/><input type=\"hidden\" name=\"_wpcf7cf_hidden_group_fields\" value=\"[]\" \/><input type=\"hidden\" name=\"_wpcf7cf_hidden_groups\" value=\"[]\" \/><input type=\"hidden\" name=\"_wpcf7cf_visible_groups\" value=\"[]\" \/><input type=\"hidden\" name=\"_wpcf7cf_repeaters\" value=\"[]\" \/><input type=\"hidden\" name=\"_wpcf7cf_steps\" value=\"{}\" \/><input type=\"hidden\" name=\"_wpcf7cf_options\" value=\"{&quot;form_id&quot;:1538,&quot;conditions&quot;:[],&quot;settings&quot;:{&quot;animation&quot;:&quot;yes&quot;,&quot;animation_intime&quot;:200,&quot;animation_outtime&quot;:200,&quot;conditions_ui&quot;:&quot;normal&quot;,&quot;notice_dismissed&quot;:false,&quot;repeater_remove_button&quot;:&quot;bottom&quot;}}\" \/>\n<\/fieldset>\n<div class=\"wpcf7-turnstile cf-turnstile\" data-sitekey=\"0x4AAAAAACrXxdqD77mvVjwG\" data-response-field-name=\"_wpcf7_turnstile_response\"><\/div>\n\n<div class=\"reveal-up\">\n\t<h2 class=\"h-contact-form\">Anfrageformular\n\t<\/h2>\n\t<div class=\"cf7-row\">\n\t\t<div class=\"cf7-col\">\n\t\t\t<p><label>Prename<br \/>\n<span class=\"wpcf7-form-control-wrap\" data-name=\"your-firstname\"><input size=\"40\" maxlength=\"400\" class=\"wpcf7-form-control wpcf7-text wpcf7-validates-as-required\" aria-required=\"true\" aria-invalid=\"false\" placeholder=\"Prename\" value=\"\" type=\"text\" name=\"your-firstname\" \/><\/span><br \/>\n<\/label>\n\t\t\t<\/p>\n\t\t<\/div>\n\t\t<div class=\"cf7-col\">\n\t\t\t<p><label>Surname<br \/>\n<span class=\"wpcf7-form-control-wrap\" data-name=\"your-lastname\"><input size=\"40\" maxlength=\"400\" class=\"wpcf7-form-control wpcf7-text wpcf7-validates-as-required\" aria-required=\"true\" aria-invalid=\"false\" placeholder=\"Surname\" value=\"\" type=\"text\" name=\"your-lastname\" \/><\/span><br \/>\n<\/label>\n\t\t\t<\/p>\n\t\t<\/div>\n\t<\/div>\n\t<div class=\"cf7-block\">\n\t\t<p><label>Email address<br \/>\n<span class=\"wpcf7-form-control-wrap\" data-name=\"your-email\"><input size=\"40\" maxlength=\"400\" class=\"wpcf7-form-control wpcf7-email wpcf7-validates-as-required wpcf7-text wpcf7-validates-as-email\" autocomplete=\"email\" aria-required=\"true\" aria-invalid=\"false\" placeholder=\"Email address\" value=\"\" type=\"email\" name=\"your-email\" \/><\/span><br \/>\n<\/label>\n\t\t<\/p>\n\t<\/div>\n\t<div class=\"cf7-block\">\n\t\t<p><label>Phone number<br \/>\n<span class=\"wpcf7-form-control-wrap\" data-name=\"your-phone-number\"><input size=\"40\" maxlength=\"400\" class=\"wpcf7-form-control wpcf7-tel wpcf7-text wpcf7-validates-as-tel\" autocomplete=\"tel\" aria-invalid=\"false\" placeholder=\"Phone\" value=\"\" type=\"tel\" name=\"your-phone-number\" \/><\/span><br \/>\n<\/label>\n\t\t<\/p>\n\t<\/div>\n\t<div class=\"cf7-block\">\n\t\t<p><span class=\"wpcf7-form-control-wrap\" data-name=\"checkbox-termine\"><span class=\"wpcf7-form-control wpcf7-checkbox\"><span class=\"wpcf7-list-item first last\"><label><input type=\"checkbox\" name=\"checkbox-termine[]\" value=\"Terminvorschl\u00e4ge bitte an meine E-Mail-Adresse senden.\" \/><span class=\"wpcf7-list-item-label\">Please send your suggested dates to my email address.<\/span><\/label><\/span><\/span><\/span>\n\t\t<\/p>\n\t<\/div>\n\t<div class=\"cf7-block\">\n\t\t<p><label>Choice of dates (also available over several weekends by arrangement):<\/label><br \/>\n<span class=\"wpcf7-form-control-wrap\" data-name=\"checkbox-termin-auswahl\"><span class=\"wpcf7-form-control wpcf7-checkbox wpcf7-validates-as-required\"><span class=\"wpcf7-list-item first\"><label><input type=\"checkbox\" name=\"checkbox-termin-auswahl[]\" value=\"April Kurs 1: 24. - 26.04.2026\" \/><span class=\"wpcf7-list-item-label\">April Kurs 1: 24. - 26.04.2026<\/span><\/label><\/span><span class=\"wpcf7-list-item\"><label><input type=\"checkbox\" name=\"checkbox-termin-auswahl[]\" value=\"Mai Kurs 1: 08. - 10.05.2026\" \/><span class=\"wpcf7-list-item-label\">May Course 1: 8\u201310 May 2026<\/span><\/label><\/span><span class=\"wpcf7-list-item\"><label><input type=\"checkbox\" name=\"checkbox-termin-auswahl[]\" value=\"Mai Kurs 2: 29. - 31.05.2026\" \/><span class=\"wpcf7-list-item-label\">May Course 2: 29\u201331 May 2026<\/span><\/label><\/span><span class=\"wpcf7-list-item\"><label><input type=\"checkbox\" name=\"checkbox-termin-auswahl[]\" value=\"Juni Kurs 1: 12. - 14.06.2026\" \/><span class=\"wpcf7-list-item-label\">June Course 1: 12\u201314 June 2026<\/span><\/label><\/span><span class=\"wpcf7-list-item\"><label><input type=\"checkbox\" name=\"checkbox-termin-auswahl[]\" value=\"Juni Kurs 2: 26. - 28.06.2026\" \/><span class=\"wpcf7-list-item-label\">June Course 2: 26\u201328 June 2026<\/span><\/label><\/span><span class=\"wpcf7-list-item\"><label><input type=\"checkbox\" name=\"checkbox-termin-auswahl[]\" value=\"Juli Kurs 1: 17. - 19.07.2026\" \/><span class=\"wpcf7-list-item-label\">July Course 1: 17\u201319 July 2026<\/span><\/label><\/span><span class=\"wpcf7-list-item\"><label><input type=\"checkbox\" name=\"checkbox-termin-auswahl[]\" value=\"Juli\/August Kurs 1: 31.07. - 02.08.2026\" \/><span class=\"wpcf7-list-item-label\">July\/August Course 1: 31 July \u2013 2 August 2026<\/span><\/label><\/span><span class=\"wpcf7-list-item\"><label><input type=\"checkbox\" name=\"checkbox-termin-auswahl[]\" value=\"August Kurs 2: 14.08. - 16.08.2026\" \/><span class=\"wpcf7-list-item-label\">August Kurs 2: 14.08. - 16.08.2026<\/span><\/label><\/span><span class=\"wpcf7-list-item\"><label><input type=\"checkbox\" name=\"checkbox-termin-auswahl[]\" value=\"September Kurs 1: 04.09. - 06.09.2026\" \/><span class=\"wpcf7-list-item-label\">September Course 1: 4\u20136 September 2026<\/span><\/label><\/span><span class=\"wpcf7-list-item\"><label><input type=\"checkbox\" name=\"checkbox-termin-auswahl[]\" value=\"September Kurs 2: 18.09. - 20.09.2026\" \/><span class=\"wpcf7-list-item-label\">September Course 2: 18\u201320 September 2026<\/span><\/label><\/span><span class=\"wpcf7-list-item\"><label><input type=\"checkbox\" name=\"checkbox-termin-auswahl[]\" value=\"Oktober Kurs 1: 02.10. - 04.10.2026\" \/><span class=\"wpcf7-list-item-label\">October Course 1: 2\u20134 October 2026<\/span><\/label><\/span><span class=\"wpcf7-list-item last\"><label><input type=\"checkbox\" name=\"checkbox-termin-auswahl[]\" value=\"Nach Vereinbarung mit dem Golf-Pro\" \/><span class=\"wpcf7-list-item-label\">By arrangement with the golf pro<\/span><\/label><\/span><\/span><\/span>\n\t\t<\/p>\n\t<\/div>\n\t<div class=\"cf7-block\">\n\t\t<p><label>Privacy policy:<\/label><br \/>\n<span class=\"wpcf7-form-control-wrap\" data-name=\"datenschutz\"><span class=\"wpcf7-form-control wpcf7-acceptance\"><span class=\"wpcf7-list-item\"><label><input type=\"checkbox\" name=\"datenschutz\" value=\"1\" aria-invalid=\"false\" \/><span class=\"wpcf7-list-item-label\">I consent to the processing of my personal data for the purpose of handling my request. \nI can find further information in the <a href=\"\/wp-content\/uploads\/2026\/02\/Datenschutzhinw_HP_2021.pdf\" target=\"_blank\">Privacy Policy<\/a>.<\/span><\/label><\/span><\/span><\/span>\n\t\t<\/p>\n\t<\/div>\n\t<div class=\"cf7-actions\">\n\t\t<p><input class=\"wpcf7-form-control wpcf7-submit has-spinner\" type=\"submit\" value=\"No-obligation enquiry\" \/>\n\t\t<\/p>\n\t<\/div>\n<\/div><div class=\"wpcf7-response-output\" aria-hidden=\"true\"><\/div>\n<input type=\"hidden\" name=\"trp-form-language\" value=\"en\"\/><\/form>\n<\/div>\n\n<\/div>","protected":false},"excerpt":{"rendered":"<p>Platzreifekurse Dein Einstieg in den Golfsport \u2013 strukturiert, entspannt und praxisnah. Du willst Golf richtig lernen? In unseren Platzreifekursen bekommst du Technik, Regeln und Platzpraxis \u2013 Schritt f\u00fcr Schritt. Am Ende bist du bereit f\u00fcr die Platzreifepr\u00fcfung und deinen Start auf dem Platz. Kurs ausw\u00e4hlen So l\u00e4uft der Kurs ab Ein kurzer Einblick in Ablauf [&hellip;]<\/p>\n","protected":false},"author":1,"featured_media":583,"parent":0,"menu_order":0,"comment_status":"closed","ping_status":"closed","template":"","meta":{"footnotes":""},"class_list":["post-440","page","type-page","status-publish","has-post-thumbnail","hentry"],"_links":{"self":[{"href":"https:\/\/golf-bw.de\/en\/wp-json\/wp\/v2\/pages\/440","targetHints":{"allow":["GET"]}}],"collection":[{"href":"https:\/\/golf-bw.de\/en\/wp-json\/wp\/v2\/pages"}],"about":[{"href":"https:\/\/golf-bw.de\/en\/wp-json\/wp\/v2\/types\/page"}],"author":[{"embeddable":true,"href":"https:\/\/golf-bw.de\/en\/wp-json\/wp\/v2\/users\/1"}],"replies":[{"embeddable":true,"href":"https:\/\/golf-bw.de\/en\/wp-json\/wp\/v2\/comments?post=440"}],"version-history":[{"count":17,"href":"https:\/\/golf-bw.de\/en\/wp-json\/wp\/v2\/pages\/440\/revisions"}],"predecessor-version":[{"id":2211,"href":"https:\/\/golf-bw.de\/en\/wp-json\/wp\/v2\/pages\/440\/revisions\/2211"}],"wp:featuredmedia":[{"embeddable":true,"href":"https:\/\/golf-bw.de\/en\/wp-json\/wp\/v2\/media\/583"}],"wp:attachment":[{"href":"https:\/\/golf-bw.de\/en\/wp-json\/wp\/v2\/media?parent=440"}],"curies":[{"name":"wp","href":"https:\/\/api.w.org\/{rel}","templated":true}]}}