{"id":448,"date":"2026-01-15T23:10:28","date_gmt":"2026-01-15T23:10:28","guid":{"rendered":"https:\/\/golfbwneu20267188.live-website.com\/?page_id=448"},"modified":"2026-03-08T22:03:42","modified_gmt":"2026-03-08T22:03:42","slug":"3-x-6-loch-platz","status":"publish","type":"page","link":"https:\/\/golf-bw.de\/en\/3-x-6-loch-platz\/","title":{"rendered":"3 x 6-hole Course"},"content":{"rendered":"<section class=\"golf-card golf-course-intro-card\">\n  <div class=\"golf-course-intro-text\">\n    <p>\n      <strong>At the short course<\/strong> for experienced players, it\u2019s all about precision. For beginners and casual golfers, it\u2019s an ideal practice area. Six holes, each with three tees, allow you to play 18 different holes. \n    <\/p>\n<\/br>\n    <p>\nDon't be fooled by the short-course layout, which seems simple at first glance. Hitting the small greens is often quite a challenge! \n    <\/p>\n<\/br>\n    <p class=\"translation-block\">Everyone is welcome to test their skills at our <strong>annual open par-3 tournament<\/strong>. There are separate divisions for beginners and experienced golfers. It\u2019s a lot of fun and demands the utmost precision and concentration from all participants.<\/p>\n  <\/div>\n\n  <div class=\"golf-course-intro-actions\">\n    <a class=\"golf-award-btn\" href=\"\/wp-content\/uploads\/2026\/03\/Skorekarte_KP_Platzuebersicht.pdf\" target=\"_blank\" rel=\"noopener\">Short Course Scorecard<\/a>\n  <\/div>\n<\/section>\n\n\n\n<section class=\"golf-card golf-kurzplatz-videos-card\">\n  <header class=\"golf-card-head\">\n    <h2 class=\"golf-card-title\">The 6 holes in a video<\/h2>\n    <p class=\"golf-card-subtitle\">\n      Get a feel for the short course\u2014hole by hole.\n    <\/p>\n  <\/header>\n\n  <div class=\"golf-kurzplatz-video-grid\">\n\n    <div class=\"golf-kurzplatz-video-item\">\n      <h3>Hole 1<\/h3>\n      <div class=\"golf-kurzplatz-video embed\" data-embed-category=\"marketing\">\n        <div class=\"embed__placeholder\">\n          This content will only be loaded once you have given your consent.\n          <button type=\"button\" onclick=\"window.pressidiumOpenSettings?.()\">Cookie settings<\/button>\n        <\/div>\n        <iframe\n          data-src=\"https:\/\/www.youtube.com\/embed\/YfzBYT0jmbc?si=UJRYVJOGga7Yhxkd\"\n          title=\"Short course Hole 1\"\n          frameborder=\"0\"\n          allow=\"accelerometer; autoplay; clipboard-write; encrypted-media; gyroscope; picture-in-picture\"\n          allowfullscreen\n loading=\"lazy\"\n          referrerpolicy=\"no-referrer-when-downgrade\">\n        <\/iframe>\n      <\/div>\n    <\/div>\n\n    <div class=\"golf-kurzplatz-video-item\">\n      <h3>Hole 2<\/h3>\n      <div class=\"golf-kurzplatz-video embed\" data-embed-category=\"marketing\">\n        <div class=\"embed__placeholder\">\n          This content will only be loaded once you have given your consent.\n          <button type=\"button\" onclick=\"window.pressidiumOpenSettings?.()\">Cookie settings<\/button>\n        <\/div>\n        <iframe data-src=\"https:\/\/www.youtube.com\/embed\/AMgIWAo9e7I?si=4s0xvGbGOKpYfIRx\" title=\"Short course Hole 2\" frameborder=\"0\"\n          allow=\"accelerometer; autoplay; clipboard-write; encrypted-media; gyroscope; picture-in-picture\"\n          allowfullscreen loading=\"lazy\" referrerpolicy=\"no-referrer-when-downgrade\"><\/iframe>\n      <\/div>\n    <\/div>\n\n    <div class=\"golf-kurzplatz-video-item\">\n      <h3>Hole 3<\/h3>\n      <div class=\"golf-kurzplatz-video embed\" data-embed-category=\"marketing\">\n        <div class=\"embed__placeholder\">\n          This content will only be loaded once you have given your consent.\n          <button type=\"button\" onclick=\"window.pressidiumOpenSettings?.()\">Cookie settings<\/button>\n        <\/div>\n        <iframe data-src=\"https:\/\/www.youtube.com\/embed\/AGtkgd5LY60?si=dT2MJVtJ3trGK3DW\" title=\"Short course Hole 3\" frameborder=\"0\"\n          allow=\"accelerometer; autoplay; clipboard-write; encrypted-media; gyroscope; picture-in-picture\"\n          allowfullscreen loading=\"lazy\" referrerpolicy=\"no-referrer-when-downgrade\"><\/iframe>\n      <\/div>\n    <\/div>\n\n    <div class=\"golf-kurzplatz-video-item\">\n      <h3>Hole 4<\/h3>\n      <div class=\"golf-kurzplatz-video embed\" data-embed-category=\"marketing\">\n        <div class=\"embed__placeholder\">\n          This content will only be loaded once you have given your consent.\n          <button type=\"button\" onclick=\"window.pressidiumOpenSettings?.()\">Cookie settings<\/button>\n        <\/div>\n        <iframe data-src=\"https:\/\/www.youtube.com\/embed\/kKH8hdS_a3c?si=lFZdt5OS_B0Fdvsj\" title=\"Short course Hole 4\" frameborder=\"0\"\n          allow=\"accelerometer; autoplay; clipboard-write; encrypted-media; gyroscope; picture-in-picture\"\n          allowfullscreen loading=\"lazy\" referrerpolicy=\"no-referrer-when-downgrade\"><\/iframe>\n      <\/div>\n    <\/div>\n\n    <div class=\"golf-kurzplatz-video-item\">\n      <h3>Hole 5<\/h3>\n      <div class=\"golf-kurzplatz-video embed\" data-embed-category=\"marketing\">\n        <div class=\"embed__placeholder\">\n          This content will only be loaded once you have given your consent.\n          <button type=\"button\" onclick=\"window.pressidiumOpenSettings?.()\">Cookie settings<\/button>\n        <\/div>\n        <iframe data-src=\"https:\/\/www.youtube.com\/embed\/gblz96oOPVE?si=Od0AONHpN0Bw9aCw\" title=\"Short course Hole 5\" frameborder=\"0\"\n          allow=\"accelerometer; autoplay; clipboard-write; encrypted-media; gyroscope; picture-in-picture\"\n          allowfullscreen loading=\"lazy\" referrerpolicy=\"no-referrer-when-downgrade\"><\/iframe>\n      <\/div>\n    <\/div>\n\n    <div class=\"golf-kurzplatz-video-item\">\n      <h3>Hole 6<\/h3>\n      <div class=\"golf-kurzplatz-video embed\" data-embed-category=\"marketing\">\n        <div class=\"embed__placeholder\">\n          This content will only be loaded once you have given your consent.\n          <button type=\"button\" onclick=\"window.pressidiumOpenSettings?.()\">Cookie settings<\/button>\n        <\/div>\n        <iframe data-src=\"https:\/\/www.youtube.com\/embed\/g1M5MmvKy4k?si=wPBqbiZEy6a5DtVa\" title=\"Short course Hole 6\" frameborder=\"0\"\n          allow=\"accelerometer; autoplay; clipboard-write; encrypted-media; gyroscope; picture-in-picture\"\n          allowfullscreen loading=\"lazy\" referrerpolicy=\"no-referrer-when-downgrade\"><\/iframe>\n      <\/div>\n    <\/div>\n\n  <\/div>\n<\/section>","protected":false},"excerpt":{"rendered":"<p>Am Kurzplatz geht es f\u00fcr erfahrene Spieler um Pr\u00e4zision. F\u00fcr Starter, Anf\u00e4nger und gelegentliche Golfer ist es ein ideales \u00dcbungsgel\u00e4nde. Sechs Bahnen mit jeweils drei Abschl\u00e4gen lassen es zu, dass man 18 verschiedene Bahnen spielt. Lassen Sie sich nicht von der erst einmal einfach wirkenden Kurzbahn-Anlage t\u00e4uschen. Die kleinen Gr\u00fcns zu treffen, gelingt sehr oft [&hellip;]<\/p>\n","protected":false},"author":1,"featured_media":1265,"parent":0,"menu_order":0,"comment_status":"closed","ping_status":"closed","template":"","meta":{"footnotes":""},"class_list":["post-448","page","type-page","status-publish","has-post-thumbnail","hentry"],"_links":{"self":[{"href":"https:\/\/golf-bw.de\/en\/wp-json\/wp\/v2\/pages\/448","targetHints":{"allow":["GET"]}}],"collection":[{"href":"https:\/\/golf-bw.de\/en\/wp-json\/wp\/v2\/pages"}],"about":[{"href":"https:\/\/golf-bw.de\/en\/wp-json\/wp\/v2\/types\/page"}],"author":[{"embeddable":true,"href":"https:\/\/golf-bw.de\/en\/wp-json\/wp\/v2\/users\/1"}],"replies":[{"embeddable":true,"href":"https:\/\/golf-bw.de\/en\/wp-json\/wp\/v2\/comments?post=448"}],"version-history":[{"count":6,"href":"https:\/\/golf-bw.de\/en\/wp-json\/wp\/v2\/pages\/448\/revisions"}],"predecessor-version":[{"id":1644,"href":"https:\/\/golf-bw.de\/en\/wp-json\/wp\/v2\/pages\/448\/revisions\/1644"}],"wp:featuredmedia":[{"embeddable":true,"href":"https:\/\/golf-bw.de\/en\/wp-json\/wp\/v2\/media\/1265"}],"wp:attachment":[{"href":"https:\/\/golf-bw.de\/en\/wp-json\/wp\/v2\/media?parent=448"}],"curies":[{"name":"wp","href":"https:\/\/api.w.org\/{rel}","templated":true}]}}