{"id":452,"date":"2026-01-15T23:10:51","date_gmt":"2026-01-15T23:10:51","guid":{"rendered":"https:\/\/golfbwneu20267188.live-website.com\/?page_id=452"},"modified":"2026-04-08T15:40:36","modified_gmt":"2026-04-08T15:40:36","slug":"platzstatus","status":"publish","type":"page","link":"https:\/\/golf-bw.de\/en\/platzstatus\/","title":{"rendered":"Availability status"},"content":{"rendered":"<div class=\"wp-block-group golf-status-card is-layout-constrained wp-block-group-is-layout-constrained\">\n<h1 class=\"wp-block-heading has-text-align-center has-custom-akzent-color has-text-color has-link-color wp-elements-052d07fe5fc6119778a24448dcc04623\">Current golf course status<\/h1>\n\n\n\n<div class=\"wp-block-group is-content-justification-center is-nowrap is-layout-flex wp-container-core-group-is-layout-23441af8 wp-block-group-is-layout-flex\">\n<div class=\"wp-block-group golf-status-tile is-layout-constrained wp-container-core-group-is-layout-12243e0f wp-block-group-is-layout-constrained\">\n<h2 class=\"wp-block-heading has-text-align-center\"><strong>18-hole Course<\/strong><\/h2>\n\n\n\n<div style=\"height:23px;width:0px\" aria-hidden=\"true\" class=\"wp-block-spacer\"><\/div>\n\n\n\n<p class=\"golf-status-badge is-open\">sommerGR\u00dcNS<\/p>\n\n\n\n<div style=\"height:23px;width:0px\" aria-hidden=\"true\" class=\"wp-block-spacer\"><\/div>\n\n\n\n<p class=\"is-warning\"><strong>Tee times must be booked.<\/strong><\/p>\n\n\n\n<p>From Friday 6 March 2026, go-karts will be permitted again<\/p>\n\n\n\n<p><\/p>\n<\/div>\n<\/div>\n\n\n\n<div class=\"wp-block-group is-content-justification-center is-nowrap is-layout-flex wp-container-core-group-is-layout-23441af8 wp-block-group-is-layout-flex\">\n<div class=\"wp-block-group golf-status-tile is-layout-constrained wp-block-group-is-layout-constrained\">\n<h2 class=\"wp-block-heading has-text-align-center\"><strong><strong><strong>Short Course<\/strong><\/strong><\/strong><\/h2>\n\n\n\n<div style=\"height:23px;width:0px\" aria-hidden=\"true\" class=\"wp-block-spacer\"><\/div>\n\n\n\n<p class=\"golf-status-badge is-open\">SommerGR\u00dcNS <\/p>\n\n\n\n<div style=\"height:23px;width:0px\" aria-hidden=\"true\" class=\"wp-block-spacer\"><\/div>\n<\/div>\n<\/div>\n\n\n\n<div class=\"wp-block-group is-content-justification-center is-nowrap is-layout-flex wp-container-core-group-is-layout-23441af8 wp-block-group-is-layout-flex\">\n<div class=\"wp-block-group golf-status-tile is-layout-constrained wp-block-group-is-layout-constrained\">\n<h2 class=\"wp-block-heading has-text-align-center\"><strong><strong><strong><strong><strong><strong>Training ground<\/strong><\/strong><\/strong><\/strong><\/strong><\/strong><\/h2>\n\n\n\n<div style=\"height:23px;width:0px\" aria-hidden=\"true\" class=\"wp-block-spacer\"><\/div>\n\n\n\n<p class=\"golf-status-badge is-open\">puTTING-\/Pitchinggreen<\/p>\n\n\n\n<div style=\"height:23px;width:0px\" aria-hidden=\"true\" class=\"wp-block-spacer\"><\/div>\n\n\n\n<p class=\"is-warning\"><\/p>\n<\/div>\n<\/div>\n\n\n\n<div class=\"wp-block-group is-content-justification-center is-nowrap is-layout-flex wp-container-core-group-is-layout-23441af8 wp-block-group-is-layout-flex\">\n<div class=\"wp-block-group golf-status-tile is-layout-constrained wp-block-group-is-layout-constrained\">\n<h2 class=\"wp-block-heading has-text-align-center\"><strong><strong><strong><strong><strong><strong><strong><strong><strong>Driving Range<\/strong><\/strong><\/strong><\/strong><\/strong><\/strong><\/strong><\/strong><\/strong><\/h2>\n\n\n\n<div style=\"height:23px;width:0px\" aria-hidden=\"true\" class=\"wp-block-spacer\"><\/div>\n\n\n\n<p class=\"golf-status-badge is-open\">open<\/p>\n\n\n\n<div style=\"height:23px;width:0px\" aria-hidden=\"true\" class=\"wp-block-spacer\"><\/div>\n\n\n\n<ul class=\"wp-block-list\">\n<li>in some cases, only the indoor tee shots<\/li>\n\n\n\n<li>Outdoor facilities closed in the event of frost or snow<\/li>\n<\/ul>\n<\/div>\n<\/div>\n<\/div>\n\n\n\n<div style=\"height:40px\" aria-hidden=\"true\" class=\"wp-block-spacer\"><\/div>\n\n\n\n<div class=\"wp-block-group golf-status-card golf-status-info-card is-layout-constrained wp-block-group-is-layout-constrained\">\n<h2 class=\"wp-block-heading\">Note regarding dogs<\/h2>\n\n\n\n<div class=\"wp-block-group golf-status-info-text is-layout-constrained wp-block-group-is-layout-constrained\">\n<p>Dogs are permitted on the 18-hole course on all days, except during tournaments, subject to prior booking.<\/p>\n\n\n\n<p>Dogs are permitted on the practice area, driving range and short course on all days.<\/p>\n<\/div>\n<\/div>\n\n\n\n<div style=\"height:40px\" aria-hidden=\"true\" class=\"wp-block-spacer\"><\/div>\n\n\n\n<div class=\"wp-block-group golf-status-card golf-status-warning-card is-layout-constrained wp-block-group-is-layout-constrained\">\n<p><\/p>\n\n\n\n<p><strong>When the ground is frozen<\/strong><\/p>\n\n\n\n<ul class=\"wp-block-list golf-status-warning-list\">\n<li>The 18-hole course and the short course are closed; booked tee times are cancelled.<\/li>\n\n\n\n<li>The driving range can only be used from the mats in the tee-off hut.<\/li>\n\n\n\n<li>Training areas closed.<\/li>\n\n\n\n<li>If necessary, use carrier bags only.<\/li>\n<\/ul>\n\n\n\n<div class=\"wp-block-group golf-status-warning-note is-layout-constrained wp-block-group-is-layout-constrained\">\n<ul class=\"wp-block-list\">\n<li>If there is hoar frost in the morning, the entire facility will remain closed until it has thawed.<\/li>\n\n\n\n<li>It is usually 2\u20133 degrees colder on the golf course than in the villages.<\/li>\n\n\n\n<li>Hinweistafeln im Sekretariat und Caddy-Raum beachten.<\/li>\n<\/ul>\n<\/div>\n<\/div>","protected":false},"excerpt":{"rendered":"<p>Aktueller Platzstatus 18-Loch-Platz sommerGR\u00dcNS Startzeiten m\u00fcssen gebucht werden. ab Fr., den 06.03.26 Carts wieder erlaubt Kurzplatz SommerGR\u00dcNS \u00dcbungsgel\u00e4nde puTTING-\/Pitchinggr\u00fcn Driving Range ge\u00f6ffnet Hinweis zu Hunden Hunde d\u00fcrfen an allen Tagen, ausgenommen bei Turnieren, nach Voranmeldung mit auf die 18-Loch-Anlage. Hunde d\u00fcrfen an allen Tagen auf \u00dcbungsanlage\/Driving Range und Kurzplatz mitgef\u00fchrt werden. Bei Bodenfrost<\/p>","protected":false},"author":1,"featured_media":2247,"parent":0,"menu_order":0,"comment_status":"closed","ping_status":"closed","template":"","meta":{"footnotes":""},"class_list":["post-452","page","type-page","status-publish","has-post-thumbnail","hentry"],"_links":{"self":[{"href":"https:\/\/golf-bw.de\/en\/wp-json\/wp\/v2\/pages\/452","targetHints":{"allow":["GET"]}}],"collection":[{"href":"https:\/\/golf-bw.de\/en\/wp-json\/wp\/v2\/pages"}],"about":[{"href":"https:\/\/golf-bw.de\/en\/wp-json\/wp\/v2\/types\/page"}],"author":[{"embeddable":true,"href":"https:\/\/golf-bw.de\/en\/wp-json\/wp\/v2\/users\/1"}],"replies":[{"embeddable":true,"href":"https:\/\/golf-bw.de\/en\/wp-json\/wp\/v2\/comments?post=452"}],"version-history":[{"count":28,"href":"https:\/\/golf-bw.de\/en\/wp-json\/wp\/v2\/pages\/452\/revisions"}],"predecessor-version":[{"id":2366,"href":"https:\/\/golf-bw.de\/en\/wp-json\/wp\/v2\/pages\/452\/revisions\/2366"}],"wp:featuredmedia":[{"embeddable":true,"href":"https:\/\/golf-bw.de\/en\/wp-json\/wp\/v2\/media\/2247"}],"wp:attachment":[{"href":"https:\/\/golf-bw.de\/en\/wp-json\/wp\/v2\/media?parent=452"}],"curies":[{"name":"wp","href":"https:\/\/api.w.org\/{rel}","templated":true}]}}