{"id":456,"date":"2026-01-15T23:11:43","date_gmt":"2026-01-15T23:11:43","guid":{"rendered":"https:\/\/golfbwneu20267188.live-website.com\/?page_id=456"},"modified":"2026-04-14T08:57:59","modified_gmt":"2026-04-14T08:57:59","slug":"proshop","status":"publish","type":"page","link":"https:\/\/golf-bw.de\/en\/proshop\/","title":{"rendered":"ProShop"},"content":{"rendered":"<section class=\"golf-card golf-proshop-card\">\n  <header class=\"golf-card-head\">\n    <h2 class=\"golf-card-title\">ProShop \u2013 Golf equipment and clothing for all weather conditions<\/h2>\n  <\/header>\n\n  <div class=\"golf-proshop-info\">\n    <div class=\"golf-proshop-hours\">\n      <h3>Opening hours<\/h3>\n      <p><strong>Daily from 10.00 am to 3.00 pm<\/strong><\/p>\n      <p>In the event of bad weather, we may close earlier.<\/p>\n      <p>Please feel free to contact us at <strong>0171 \/ 1849792<\/strong><br>Mr Christian S\u00e4lzer<\/p>\n    <\/div>\n  <\/div>\n\n<div class=\"golf-proshop-gallery\">\n\n  <figure class=\"golf-proshop-item\">\n    <a href=\"\/wp-content\/uploads\/2026\/03\/WerbgWeihnachten-1920w.jpg\" class=\"golf-gallery-item\">\n      <img decoding=\"async\" src=\"\/wp-content\/uploads\/2026\/03\/WerbgWeihnachten-1920w.jpg\" alt=\"ProShop Bad Windsheim \u2013 Weihnachtsartikel\">\n    <\/a>\n  <\/figure>\n\n  <figure class=\"golf-proshop-item\">\n    <a href=\"\/wp-content\/uploads\/2026\/03\/WerbgWeihnSchmuck-1920w.jpg\" class=\"golf-gallery-item\">\n      <img decoding=\"async\" src=\"\/wp-content\/uploads\/2026\/03\/WerbgWeihnSchmuck-1920w.jpg\" alt=\"ProShop Bad Windsheim \u2013 Weihnachtsschmuck\">\n    <\/a>\n  <\/figure>\n\n  <figure class=\"golf-proshop-item\">\n    <a href=\"\/wp-content\/uploads\/2026\/03\/WerbgRegenkleidg-1920w.jpg\" class=\"golf-gallery-item\">\n      <img decoding=\"async\" src=\"\/wp-content\/uploads\/2026\/03\/WerbgRegenkleidg-1920w.jpg\" alt=\"ProShop Bad Windsheim \u2013 Regenbekleidung\">\n    <\/a>\n  <\/figure>\n\n  <figure class=\"golf-proshop-item\">\n    <a href=\"\/wp-content\/uploads\/2026\/03\/ShopKollektion-1920w.jpg\" class=\"golf-gallery-item\">\n      <img decoding=\"async\" src=\"\/wp-content\/uploads\/2026\/03\/ShopKollektion-1920w.jpg\" alt=\"ProShop Bad Windsheim \u2013 Shop Kollektion\">\n    <\/a>\n  <\/figure>\n\n  <figure class=\"golf-proshop-item\">\n    <a href=\"\/wp-content\/uploads\/2026\/03\/ShopFrHeinlli-1920w.jpg\" class=\"golf-gallery-item\">\n      <img decoding=\"async\" src=\"\/wp-content\/uploads\/2026\/03\/ShopFrHeinlli-1920w.jpg\" alt=\"ProShop Bad Windsheim \u2013 ProShop Innenbereich\">\n    <\/a>\n  <\/figure>\n\n  <figure class=\"golf-proshop-item\">\n    <a href=\"\/wp-content\/uploads\/2026\/03\/K1600_ShopAffe-1920w.jpg\" class=\"golf-gallery-item\">\n      <img decoding=\"async\" src=\"\/wp-content\/uploads\/2026\/03\/K1600_ShopAffe-1920w.jpg\" alt=\"ProShop Bad Windsheim \u2013 Shopdetail\">\n    <\/a>\n  <\/figure>\n\n<\/div>\n<\/section>\n<div class=\"golf-lightbox\" id=\"golf-lightbox\">\n  <button class=\"golf-lightbox-close\">\u00d7<\/button>\n  <button class=\"golf-lightbox-prev\">\u2039<\/button>\n  <img decoding=\"async\" class=\"golf-lightbox-image\" src=\"\">\n  <button class=\"golf-lightbox-next\">\u203a<\/button>\n<\/div>","protected":false},"excerpt":{"rendered":"<p>ProShop &#8211; Golfartikel und Bekleidung f\u00fcr jede Wetterlage \u00d6ffnungszeiten T\u00e4glich von 10:00 bis 15:00 Uhr Bei schlechtem Wetter ist eine fr\u00fchere Schlie\u00dfung m\u00f6glich. R\u00fcckfragen gerne unter 0171 \/ 1849792Herr Christian S\u00e4lzer \u00d7 \u2039 \u203a<\/p>","protected":false},"author":1,"featured_media":2155,"parent":0,"menu_order":0,"comment_status":"closed","ping_status":"closed","template":"","meta":{"footnotes":""},"class_list":["post-456","page","type-page","status-publish","has-post-thumbnail","hentry"],"_links":{"self":[{"href":"https:\/\/golf-bw.de\/en\/wp-json\/wp\/v2\/pages\/456","targetHints":{"allow":["GET"]}}],"collection":[{"href":"https:\/\/golf-bw.de\/en\/wp-json\/wp\/v2\/pages"}],"about":[{"href":"https:\/\/golf-bw.de\/en\/wp-json\/wp\/v2\/types\/page"}],"author":[{"embeddable":true,"href":"https:\/\/golf-bw.de\/en\/wp-json\/wp\/v2\/users\/1"}],"replies":[{"embeddable":true,"href":"https:\/\/golf-bw.de\/en\/wp-json\/wp\/v2\/comments?post=456"}],"version-history":[{"count":8,"href":"https:\/\/golf-bw.de\/en\/wp-json\/wp\/v2\/pages\/456\/revisions"}],"predecessor-version":[{"id":1668,"href":"https:\/\/golf-bw.de\/en\/wp-json\/wp\/v2\/pages\/456\/revisions\/1668"}],"wp:featuredmedia":[{"embeddable":true,"href":"https:\/\/golf-bw.de\/en\/wp-json\/wp\/v2\/media\/2155"}],"wp:attachment":[{"href":"https:\/\/golf-bw.de\/en\/wp-json\/wp\/v2\/media?parent=456"}],"curies":[{"name":"wp","href":"https:\/\/api.w.org\/{rel}","templated":true}]}}