{"id":458,"date":"2026-01-15T23:11:59","date_gmt":"2026-01-15T23:11:59","guid":{"rendered":"https:\/\/golfbwneu20267188.live-website.com\/?page_id=458"},"modified":"2026-04-15T19:03:09","modified_gmt":"2026-04-15T19:03:09","slug":"gastronomie","status":"publish","type":"page","link":"https:\/\/golf-bw.de\/en\/gastronomie\/","title":{"rendered":"Gastronomy"},"content":{"rendered":"<section class=\"golf-card golf-learn-card\">\n\n<header class=\"golf-card-head\">\n<h2 class=\"golf-card-title\">A warm welcome to the restaurant by the golf course<\/h2>\n<p class=\"golf-card-subtitle\">\nEnjoy the view of the golf course even after your round\n<\/p>\n<\/header>\n\n<div class=\"golf-learn-grid\">\n\n<div class=\"golf-learn-text\">\n\n<p>\nIn March 2023, our new tenant, Mr Manuel Agha, opened the public restaurant \u2018Rumi\u2019s am Golfplatz\u2019. \nMany guests will already be familiar with his sister, Nabilla Agha, from her work as a waitress in previous years.\n<\/br><\/br>\nAfter your round, the restaurant offers a wide range of dishes to suit both small and large appetites.\n<\/br><\/br>\nThe restaurant has a large terrace and is renowned for its fantastic panoramic views across numerous golf courses, vineyard-covered hills and the idyllic Franconian countryside of the Windsheim Bay.\n<\/p>\n<div class=\"golf-learn-cta\">\n<a class=\"golf-award-btn\" href=\"\/wp-content\/uploads\/2026\/03\/Speise_Getr_C3_A4nke_2024.pdf\" target=\"_blank\" rel=\"noopener\">Download Menu<\/a>\n<\/div>\n\n<\/div>\n\n<div class=\"golf-learn-media\">\n<img decoding=\"async\" src=\"\/wp-content\/uploads\/2026\/03\/K1600_DSC01334TerrnachtsmLicht-1920w.png\" alt=\"Terrasse nachts\">\n<\/div>\n\n<\/div>\n\n<\/section>\n\n\n\n<section class=\"golf-card golf-gastro-info-card\">\n  <header class=\"golf-card-head\">\n    <h2 class=\"golf-card-title\">Opening hours &amp; Contact details<\/h2>\n    <p class=\"golf-card-subtitle\">\n      All the key information about the restaurant, the menu and how to get there.\n    <\/p>\n  <\/header>\n\n  <div class=\"golf-gastro-info-grid\">\n\n    <div class=\"golf-gastro-info-box\">\n      <h3>Restaurant &amp; Menu<\/h3>\n      <p><strong>Tenant:<\/strong> Manuel Agha<\/p>\n      <p>\n        <strong>Menu:<\/strong>\n        <a href=\"\/wp-content\/uploads\/2026\/03\/Speise_Getr_C3_A4nke_2024.pdf\" target=\"_blank\" rel=\"noopener\">Open<\/a>\n      <\/p>\n    <\/div>\n\n    <div class=\"golf-gastro-info-box\">\n      <h3>Contact Us<\/h3>\n      <p><strong>Mobile<\/strong> <a href=\"tel:+4917651689955\">0176 \/ 51689955<\/a><\/p>\n      <p><strong>Landline<\/strong> <a href=\"tel:+4998419198948\">09841 \/ 919 89 48<\/a><\/p>\n    <\/div>\n\n    <div class=\"golf-gastro-info-box\">\n      <h3>Opening hours<\/h3>\n      <p>Tuesday to Sunday<\/p>\n      <p><strong>10:30 Uhr bis 22:00 Uhr<\/strong><\/p>\n      <p>Warme K\u00fcche <strong>bis 21:00 Uhr<\/strong><\/p>\n      <p><strong>Closed on Mondays<\/strong> (wenn Feiertage auf einen Montag fallen, dann stattdessen der darauf folgende Dienstag)<\/p>\n    <\/div>\n\n    <div class=\"golf-gastro-info-box\">\n      <h3>Note<\/h3>\n      <p>Bei sehr schlechtem Wetter ist eine sp\u00e4tere \u00d6ffnung m\u00f6glich.<\/p>\n      <p>Bitte kontaktieren Sie dazu das Gastro-Team.<\/p>\n    <\/div>\n\n  <\/div>\n<\/section>\n\n\n\n<section class=\"golf-card golf-gastro-event-card\">\n  <header class=\"golf-card-head\">\n    <h2 class=\"golf-card-title\">Events &amp; Celebrations<\/h2>\n    <p class=\"golf-card-subtitle\">\n      Plenty of space, a unique location and flexible options for your event.\n    <\/p>\n  <\/header>\n\n  <div class=\"golf-gastro-event-text\">\n    <p>\n      The restaurant offers a venue that is close to the city centre yet pleasantly secluded, making it ideal for parties and events. Customised menus can be arranged upon request.\n    <\/p>\n    <p>\n      If you wish, your event can also be complemented by an entertaining programme at our venue.\n    <\/p>\n  <\/div>\n\n  <div class=\"golf-gastro-event-facts\">\n    <div class=\"golf-gastro-fact\">\n      <p class=\"golf-gastro-fact-label\">Indoor area<\/p>\n      <p class=\"golf-gastro-fact-value\">up to 80 seats<\/p>\n    <\/div>\n\n    <div class=\"golf-gastro-fact\">\n      <p class=\"golf-gastro-fact-label\">Terrace<\/p>\n      <p class=\"golf-gastro-fact-value\">up to 40 seats<\/p>\n    <\/div>\n\n    <div class=\"golf-gastro-fact\">\n      <p class=\"golf-gastro-fact-label\">Parking spaces<\/p>\n      <p class=\"golf-gastro-fact-value\">approx. 100<\/p>\n    <\/div>\n\n    <div class=\"golf-gastro-fact\">\n      <p class=\"golf-gastro-fact-label\">Menu<\/p>\n      <p class=\"golf-gastro-fact-value\">to be arranged individually<\/p>\n    <\/div>\n  <\/div>\n<\/section>\n\n\n\n<div class=\"golf-proshop-gallery\">\n\n  <figure class=\"golf-proshop-item\">\n    <a href=\"\/wp-content\/uploads\/2026\/03\/20180804_222451-1920w.jpg\" class=\"golf-gallery-item\">\n      <img decoding=\"async\" src=\"\/wp-content\/uploads\/2026\/03\/20180804_222451-1920w.jpg\" alt=\"Kuchen\">\n    <\/a>\n  <\/figure>\n\n  <figure class=\"golf-proshop-item\">\n    <a href=\"\/wp-content\/uploads\/2026\/03\/20180804_105527-1920w.jpg\" class=\"golf-gallery-item\">\n      <img decoding=\"async\" src=\"\/wp-content\/uploads\/2026\/03\/20180804_105527-1920w.jpg\" alt=\"Terrasse Sommer\">\n    <\/a>\n  <\/figure>\n\n  <figure class=\"golf-proshop-item\">\n    <a href=\"\/wp-content\/uploads\/2026\/03\/K1600_DSC01396TerrmBlumen-1920w.jpg\" class=\"golf-gallery-item\">\n      <img decoding=\"async\" src=\"\/wp-content\/uploads\/2026\/03\/K1600_DSC01396TerrmBlumen-1920w.jpg\" alt=\"Terrasse Blumen\">\n    <\/a>\n  <\/figure>\n\n  <figure class=\"golf-proshop-item\">\n    <a href=\"\/wp-content\/uploads\/2026\/03\/20180804_222442-1920w.jpg\" class=\"golf-gallery-item\">\n      <img decoding=\"async\" src=\"\/wp-content\/uploads\/2026\/03\/20180804_222442-1920w.jpg\" alt=\"Hochzeitstorte\">\n    <\/a>\n  <\/figure>\n\n  <figure class=\"golf-proshop-item\">\n    <a href=\"\/wp-content\/uploads\/2026\/03\/20180804_222737-1920w.jpg\" class=\"golf-gallery-item\">\n      <img decoding=\"async\" src=\"\/wp-content\/uploads\/2026\/03\/20180804_222737-1920w.jpg\" alt=\"Hochzeit\">\n    <\/a>\n  <\/figure>\n\n  <figure class=\"golf-proshop-item\">\n    <a href=\"\/wp-content\/uploads\/2026\/03\/K1600_DSCN8-1920w.jpg\" class=\"golf-gallery-item\">\n      <img decoding=\"async\" src=\"\/wp-content\/uploads\/2026\/03\/K1600_DSCN8-1920w.jpg\" alt=\"Altstadtfest\">\n    <\/a>\n  <\/figure>\n\n<\/div>\n<\/section>\n<div class=\"golf-lightbox\" id=\"golf-lightbox\">\n  <button class=\"golf-lightbox-close\">\u00d7<\/button>\n  <button class=\"golf-lightbox-prev\">\u2039<\/button>\n  <img decoding=\"async\" class=\"golf-lightbox-image\" src=\"\">\n  <button class=\"golf-lightbox-next\">\u203a<\/button>\n<\/div>","protected":false},"excerpt":{"rendered":"<p>Herzlich Willkommen im Restaurant am Golfplatz Golfblick-Genuss auch nach der Runde Im M\u00e4rz 2023 er\u00f6ffnete unser neuer P\u00e4chter, Herr Manuel Agha, das \u00f6ffentliche Restaurant \u201eRumi\u2019s am Golfplatz\u201c. Vielen G\u00e4sten ist seine Schwester Nabilla Agha bereits durch Ihre Service-T\u00e4tigkeit aus den Vorjahren vertraut. Im Restaurant findet sich nach der Runde ein vielseitiges Angebot f\u00fcr den kleinen [&hellip;]<\/p>\n","protected":false},"author":1,"featured_media":1633,"parent":0,"menu_order":0,"comment_status":"closed","ping_status":"closed","template":"","meta":{"footnotes":""},"class_list":["post-458","page","type-page","status-publish","has-post-thumbnail","hentry"],"_links":{"self":[{"href":"https:\/\/golf-bw.de\/en\/wp-json\/wp\/v2\/pages\/458","targetHints":{"allow":["GET"]}}],"collection":[{"href":"https:\/\/golf-bw.de\/en\/wp-json\/wp\/v2\/pages"}],"about":[{"href":"https:\/\/golf-bw.de\/en\/wp-json\/wp\/v2\/types\/page"}],"author":[{"embeddable":true,"href":"https:\/\/golf-bw.de\/en\/wp-json\/wp\/v2\/users\/1"}],"replies":[{"embeddable":true,"href":"https:\/\/golf-bw.de\/en\/wp-json\/wp\/v2\/comments?post=458"}],"version-history":[{"count":20,"href":"https:\/\/golf-bw.de\/en\/wp-json\/wp\/v2\/pages\/458\/revisions"}],"predecessor-version":[{"id":2383,"href":"https:\/\/golf-bw.de\/en\/wp-json\/wp\/v2\/pages\/458\/revisions\/2383"}],"wp:featuredmedia":[{"embeddable":true,"href":"https:\/\/golf-bw.de\/en\/wp-json\/wp\/v2\/media\/1633"}],"wp:attachment":[{"href":"https:\/\/golf-bw.de\/en\/wp-json\/wp\/v2\/media?parent=458"}],"curies":[{"name":"wp","href":"https:\/\/api.w.org\/{rel}","templated":true}]}}