{"id":464,"date":"2026-01-15T23:13:00","date_gmt":"2026-01-15T23:13:00","guid":{"rendered":"https:\/\/golfbwneu20267188.live-website.com\/?page_id=464"},"modified":"2026-03-09T11:35:42","modified_gmt":"2026-03-09T11:35:42","slug":"unsere-mannschaften","status":"publish","type":"page","link":"https:\/\/golf-bw.de\/en\/unsere-mannschaften\/","title":{"rendered":"Our teams"},"content":{"rendered":"<section class=\"golf-team-banner\">\n  <div class=\"golf-team-banner-inner\">\n    <h2 class=\"golf-team-banner-title\">Registration for team players in 2026<\/h2>\n\n    <p>\n      To achieve the best possible team performance, a large squad of players is the ideal prerequisite.\n    <\/p>\n\n    <p>\n      Every member is important and warmly invited to sign up to take part. To help us plan more effectively, we ask all interested players to register for the relevant team(s).\n    <\/p>\n\n    <p>\n      You can also play for several teams and don\u2019t have to choose just one.\n    <\/p>\n\n    <div class=\"golf-team-banner-actions\">\n      <a class=\"golf-award-btn\" href=\"\/en\/registrierung-fuer-mannschaften\/\">Register now<\/a>\n    <\/div>\n  <\/div>\n<\/section>\n\n\n\n<div style=\"height:100px\" aria-hidden=\"true\" class=\"wp-block-spacer\"><\/div>\n\n\n\n<section class=\"golf-team-section\">\n  <header class=\"golf-team-head\">\n    <h2 class=\"golf-team-title\">Our teams<\/h2>\n    <p class=\"golf-team-subtitle\">\n      Team spirit, sporting ambition and camaraderie \u2013 here\u2019s an overview of all our teams.\n    <\/p>\n  <\/header>\n\n  <div class=\"golf-team-grid\">\n\n    <!-- Herrenmannschaft -->\n    <article class=\"golf-team-card\">\n  <figure class=\"golf-team-card-media\">\n    <img decoding=\"async\" src=\"\/wp-content\/uploads\/2026\/03\/IMG_1370-4e019601-1920w-1920w.webp\" alt=\"Herrenmannschaft Golfclub Bad Windsheim\">\n  <\/figure>\n      <h3 class=\"golf-team-card-title\">Men's Team<\/h3>\n      <p class=\"golf-team-card-text\">\n        The competition takes place in the official DGL (German Golf League) league.\n      <\/p>\n      <p class=\"golf-team-card-meta\">\n        <strong>Eligible to play:<\/strong> all male club members whose handicap is registered with Bad Windsheim Golf Club.\n      <\/p>\n      <p class=\"golf-team-card-meta\">\n        <strong>Rhythm:<\/strong> 4\u20135 match days a year, mostly on Sundays.\n      <\/p>\n      <div class=\"golf-team-card-actions\">\n        <a class=\"golf-team-card-link\" href=\"\/en\/herrenmannschaft\/\">Reports<\/a>\n        <a class=\"golf-team-card-link\" href=\"\/en\/herrengolf-turniere\/\">Dates<\/a>\n      <\/div>\n    <\/article>\n\n    <!-- TOP 40 -->\n    <article class=\"golf-team-card\">\n  <figure class=\"golf-team-card-media\">\n    <img decoding=\"async\" src=\"\/wp-content\/uploads\/2026\/03\/Mannschaft-1920w.jpg\" alt=\"Top 40 Golfclub Bad Windsheim\">\n  <\/figure>\n      <h3 class=\"golf-team-card-title\">TOP 40<\/h3>\n      <p class=\"golf-team-card-text\">\n        The games are played in a privately organised league. Camaraderie and enjoyment are just as important as sporting performance.\n      <\/p>\n      <p class=\"golf-team-card-meta\">\n        <strong>Eligible to play:<\/strong> Club members (male or female), with a handicap registered at Bad Windsheim Golf Club, minimum age 40.\n      <\/p>\n      <p class=\"golf-team-card-meta\">\n        <strong>Rhythm:<\/strong> 4\u20135 match days per year, mainly on Saturdays.\n      <\/p>\n      <div class=\"golf-team-card-actions\">\n        <a class=\"golf-team-card-link\" href=\"\/en\/top-40\/\">Reports<\/a>\n        <a class=\"golf-team-card-link\" href=\"\/en\/top-40-termine\/\">Dates<\/a>\n      <\/div>\n    <\/article>\n\n    <!-- AK 50 Herren -->\n    <article class=\"golf-team-card\">\n  <figure class=\"golf-team-card-media\">\n    <img decoding=\"async\" src=\"\/wp-content\/uploads\/2026\/03\/HE_AK50_2021-1920w.jpg\" alt=\" Herren AK 50 Golfclub Bad Windsheim\">\n  <\/figure>\n      <h3 class=\"golf-team-card-title\">Men\u2019s 50+ category<\/h3>\n      <p class=\"golf-team-card-text\">\n        The AK-50 men\u2019s team has withdrawn from official competition in the Bavarian Golf League for 2025.\n      <\/p>\n      <p class=\"golf-team-card-meta\">\n        <strong>Status:<\/strong> Not currently part of official competition.\n      <\/p>\n      <div class=\"golf-team-card-actions\">\n        <a class=\"golf-team-card-link\" href=\"\/en\/berichte-ak-50\/\">Reports<\/a>\n      <\/div>\n    <\/article>\n\n    <!-- Fr\u00e4nkische Seniorenrunde -->\n    <article class=\"golf-team-card\">\n  <figure class=\"golf-team-card-media\">\n    <img decoding=\"async\" src=\"\/wp-content\/uploads\/2026\/03\/2021_Senioren_Mannschaft002-1920w.jpg\" alt=\"Seniorenrunde Golfclub Bad Windsheim\">\n  <\/figure>\n      <h3 class=\"golf-team-card-title\">Franconian Seniors' Group<\/h3>\n      <p class=\"golf-team-card-text\">\n        The games are played in a privately organised league. Team spirit and enjoyment are just as important as sporting performance.\n      <\/p>\n      <p class=\"golf-team-card-meta\">\n        <strong>Eligible to play:<\/strong> Club members (male or female), with a handicap registered at Bad Windsheim Golf Club, aged 50 and over.\n      <\/p>\n      <p class=\"golf-team-card-meta\">\n        <strong>Rhythm:<\/strong> Approximately 7 match days per year, mainly on Thursdays.\n      <\/p>\n      <div class=\"golf-team-card-actions\">\n        <a class=\"golf-team-card-link\" href=\"\/en\/fraenkische-seniorenrunde\/\">Reports<\/a>\n        <a class=\"golf-team-card-link\" href=\"\/en\/fraenkische-seniorenrunde-termine\/\">Dates<\/a>\n      <\/div>\n    <\/article>\n\n    <!-- Mini Team -->\n    <article class=\"golf-team-card\">\n  <figure class=\"golf-team-card-media\">\n    <img decoding=\"async\" src=\"\/wp-content\/uploads\/2026\/03\/jugend-1920w.jpg\" alt=\"Mini-Team Golfclub Bad Windsheim\">\n  <\/figure>\n      <h3 class=\"golf-team-card-title\">Mini Team<\/h3>\n      <p class=\"golf-team-card-text\">\n        The tournament is organised under the auspices of the Bavarian Golf Association.\n      <\/p>\n      <p class=\"golf-team-card-meta\">\n        <strong>Eligible to play:<\/strong> Children under 12 play from shortened tees on the regular holes.\n      <\/p>\n      <p class=\"golf-team-card-meta\">\n        <strong>Match day:<\/strong> on Saturdays\n      <\/p>\n      <div class=\"golf-team-card-actions\">\n        <a class=\"golf-team-card-link\" href=\"\/en\/mini-team\/\">Reports<\/a>\n      <\/div>\n    <\/article>\n\n  <\/div>\n<\/section>","protected":false},"excerpt":{"rendered":"<p>Meldung f\u00fcr Mannschaftsspieler in 2026 Um eine m\u00f6glichst gute Teamleistung zu vollbringen, ist ein gro\u00dfer Kader an Mannschaftsspielern die ideale Voraussetzung. Jedes Mitglied ist wichtig und herzlich eingeladen, sich zur Teilnahme zu melden. Zur besseren Planung bitten wir alle interessierten Spieler, sich f\u00fcr die jeweilige(n) Mannschaft(en) zu registrieren. Sie k\u00f6nnen auch f\u00fcr mehrere Mannschaften spielen [&hellip;]<\/p>\n","protected":false},"author":1,"featured_media":1049,"parent":0,"menu_order":0,"comment_status":"closed","ping_status":"closed","template":"","meta":{"footnotes":""},"class_list":["post-464","page","type-page","status-publish","has-post-thumbnail","hentry"],"_links":{"self":[{"href":"https:\/\/golf-bw.de\/en\/wp-json\/wp\/v2\/pages\/464","targetHints":{"allow":["GET"]}}],"collection":[{"href":"https:\/\/golf-bw.de\/en\/wp-json\/wp\/v2\/pages"}],"about":[{"href":"https:\/\/golf-bw.de\/en\/wp-json\/wp\/v2\/types\/page"}],"author":[{"embeddable":true,"href":"https:\/\/golf-bw.de\/en\/wp-json\/wp\/v2\/users\/1"}],"replies":[{"embeddable":true,"href":"https:\/\/golf-bw.de\/en\/wp-json\/wp\/v2\/comments?post=464"}],"version-history":[{"count":15,"href":"https:\/\/golf-bw.de\/en\/wp-json\/wp\/v2\/pages\/464\/revisions"}],"predecessor-version":[{"id":1784,"href":"https:\/\/golf-bw.de\/en\/wp-json\/wp\/v2\/pages\/464\/revisions\/1784"}],"wp:featuredmedia":[{"embeddable":true,"href":"https:\/\/golf-bw.de\/en\/wp-json\/wp\/v2\/media\/1049"}],"wp:attachment":[{"href":"https:\/\/golf-bw.de\/en\/wp-json\/wp\/v2\/media?parent=464"}],"curies":[{"name":"wp","href":"https:\/\/api.w.org\/{rel}","templated":true}]}}