{"id":472,"date":"2026-01-15T23:15:35","date_gmt":"2026-01-15T23:15:35","guid":{"rendered":"https:\/\/golfbwneu20267188.live-website.com\/?page_id=472"},"modified":"2026-03-09T11:57:36","modified_gmt":"2026-03-09T11:57:36","slug":"herrenmannschaft","status":"publish","type":"page","link":"https:\/\/golf-bw.de\/en\/herrenmannschaft\/","title":{"rendered":"Men's Team"},"content":{"rendered":"<section class=\"golf-card golf-team-report-card\">\n\n  <header class=\"golf-card-head\">\n    <h2 class=\"golf-card-title\">Men's Team<\/h2>\n    <p class=\"golf-card-subtitle\">Latest news, game reports, and recaps<\/p>\n  <\/header>\n\n  <div class=\"golf-team-report-meta\">\n    <p><strong>Team captain:<\/strong> Klaus Seefried<\/p>\n  <\/div>\n\n  <figure class=\"golf-team-report-media\">\n    <img decoding=\"async\" src=\"\/wp-content\/uploads\/2026\/03\/IMG_1370-4e019601-1920w-1920w.webp\" alt=\"Herrenmannschaft Golfclub Bad Windsheim\">\n  <\/figure>\n\n  <div class=\"golf-team-report-current\">\n    <h3 class=\"golf-team-report-section-title\">Latest Reports<\/h3>\n\n    <div class=\"golf-team-report-text\">\n      <p>\nYou\u2019ll find the latest match reports here once the season has started\u2026\n      <\/p>\n\n      <p>\n        Results, match days, brief reviews and special events can also be easily added here.\n      <\/p>\n    <\/div>\n  <\/div>\n\n  <div class=\"golf-team-report-archive\">\n    <h3 class=\"golf-team-report-section-title\">Previous Reports<\/h3>\n\n    <div class=\"golf-team-report-actions\">\n      <a class=\"golf-team-report-link\" href=\"\/en\/herrenmannschaft-berichte-2022\/\">2022<\/a>\n    <\/div>\n  <\/div>\n\n<\/section>","protected":false},"excerpt":{"rendered":"<p>Herrenmannschaft Aktuelle Informationen, Spielberichte und R\u00fcckblicke Mannschaftskapit\u00e4n: Klaus Seefried Aktuelle Spielberichte Hier finden Sie nach Saisonstart die aktuellen Spielberichte&#8230; Auch Ergebnisse, Spieltage, kurze R\u00fcckblicke oder besondere Ereignisse lassen sich hier problemlos erg\u00e4nzen. \u00c4ltere Spielberichte 2022<\/p>","protected":false},"author":1,"featured_media":1265,"parent":0,"menu_order":0,"comment_status":"closed","ping_status":"closed","template":"","meta":{"footnotes":""},"class_list":["post-472","page","type-page","status-publish","has-post-thumbnail","hentry"],"_links":{"self":[{"href":"https:\/\/golf-bw.de\/en\/wp-json\/wp\/v2\/pages\/472","targetHints":{"allow":["GET"]}}],"collection":[{"href":"https:\/\/golf-bw.de\/en\/wp-json\/wp\/v2\/pages"}],"about":[{"href":"https:\/\/golf-bw.de\/en\/wp-json\/wp\/v2\/types\/page"}],"author":[{"embeddable":true,"href":"https:\/\/golf-bw.de\/en\/wp-json\/wp\/v2\/users\/1"}],"replies":[{"embeddable":true,"href":"https:\/\/golf-bw.de\/en\/wp-json\/wp\/v2\/comments?post=472"}],"version-history":[{"count":3,"href":"https:\/\/golf-bw.de\/en\/wp-json\/wp\/v2\/pages\/472\/revisions"}],"predecessor-version":[{"id":1793,"href":"https:\/\/golf-bw.de\/en\/wp-json\/wp\/v2\/pages\/472\/revisions\/1793"}],"wp:featuredmedia":[{"embeddable":true,"href":"https:\/\/golf-bw.de\/en\/wp-json\/wp\/v2\/media\/1265"}],"wp:attachment":[{"href":"https:\/\/golf-bw.de\/en\/wp-json\/wp\/v2\/media?parent=472"}],"curies":[{"name":"wp","href":"https:\/\/api.w.org\/{rel}","templated":true}]}}