{"id":478,"date":"2026-01-15T23:16:29","date_gmt":"2026-01-15T23:16:29","guid":{"rendered":"https:\/\/golfbwneu20267188.live-website.com\/?page_id=478"},"modified":"2026-03-09T12:24:13","modified_gmt":"2026-03-09T12:24:13","slug":"mini-team","status":"publish","type":"page","link":"https:\/\/golf-bw.de\/en\/mini-team\/","title":{"rendered":"Mini Team"},"content":{"rendered":"<section class=\"golf-card golf-team-report-card\">\n\n  <header class=\"golf-card-head\">\n    <h2 class=\"golf-card-title\">Mini Team<\/h2>\n    <p class=\"golf-card-subtitle\">Latest news, game reports, and recaps<\/p>\n  <\/header>\n\n  <div class=\"golf-team-report-meta\">\n    <p><strong>Team captain:<\/strong> Michael Naujoks<\/p>\n  <\/div>\n\n  <figure class=\"golf-team-report-media\">\n    <img decoding=\"async\" src=\"\/wp-content\/uploads\/2026\/03\/jugend-1920w.jpg\" alt=\"Mini-Team Golfclub Bad Windsheim\">\n  <\/figure>\n\n  <div class=\"golf-team-report-current\">\n    <h3 class=\"golf-team-report-section-title\">Latest Reports<\/h3>\n\n    <div class=\"golf-team-report-text\">\n      <p>\n        Here is the team\u2019s latest match report\u2026\n      <\/p>\n\n      <p>\n        Results, match days, brief reviews and special events can also be easily added here.\n      <\/p>\n    <\/div>\n  <\/div>\n\n  <div class=\"golf-team-report-archive\">\n    <h3 class=\"golf-team-report-section-title\">Previous Reports<\/h3>\n\n    <div class=\"golf-team-report-actions\">\n      <a class=\"golf-team-report-link\" href=\"\/en\/mini-team-berichte-2023\/\">2023<\/a>\n    <\/div>\n  <\/div>\n\n<\/section>","protected":false},"excerpt":{"rendered":"<p>Mini-Team Aktuelle Informationen, Spielberichte und R\u00fcckblicke Mannschaftskapit\u00e4n: Michael Naujoks Aktuelle Spielberichte Hier kommt der aktuelle Spielbericht der Mannschaft&#8230; Auch Ergebnisse, Spieltage, kurze R\u00fcckblicke oder besondere Ereignisse lassen sich hier problemlos erg\u00e4nzen. \u00c4ltere Spielberichte 2023<\/p>","protected":false},"author":1,"featured_media":1049,"parent":0,"menu_order":0,"comment_status":"closed","ping_status":"closed","template":"","meta":{"footnotes":""},"class_list":["post-478","page","type-page","status-publish","has-post-thumbnail","hentry"],"_links":{"self":[{"href":"https:\/\/golf-bw.de\/en\/wp-json\/wp\/v2\/pages\/478","targetHints":{"allow":["GET"]}}],"collection":[{"href":"https:\/\/golf-bw.de\/en\/wp-json\/wp\/v2\/pages"}],"about":[{"href":"https:\/\/golf-bw.de\/en\/wp-json\/wp\/v2\/types\/page"}],"author":[{"embeddable":true,"href":"https:\/\/golf-bw.de\/en\/wp-json\/wp\/v2\/users\/1"}],"replies":[{"embeddable":true,"href":"https:\/\/golf-bw.de\/en\/wp-json\/wp\/v2\/comments?post=478"}],"version-history":[{"count":4,"href":"https:\/\/golf-bw.de\/en\/wp-json\/wp\/v2\/pages\/478\/revisions"}],"predecessor-version":[{"id":1812,"href":"https:\/\/golf-bw.de\/en\/wp-json\/wp\/v2\/pages\/478\/revisions\/1812"}],"wp:featuredmedia":[{"embeddable":true,"href":"https:\/\/golf-bw.de\/en\/wp-json\/wp\/v2\/media\/1049"}],"wp:attachment":[{"href":"https:\/\/golf-bw.de\/en\/wp-json\/wp\/v2\/media?parent=478"}],"curies":[{"name":"wp","href":"https:\/\/api.w.org\/{rel}","templated":true}]}}