{"id":482,"date":"2026-01-15T23:17:08","date_gmt":"2026-01-15T23:17:08","guid":{"rendered":"https:\/\/golfbwneu20267188.live-website.com\/?page_id=482"},"modified":"2026-03-23T17:44:32","modified_gmt":"2026-03-23T17:44:32","slug":"golflehrer-golf-pro","status":"publish","type":"page","link":"https:\/\/golf-bw.de\/en\/golflehrer-golf-pro\/","title":{"rendered":"Golf Teacher \/ Golf-Pro"},"content":{"rendered":"<section class=\"golf-card golf-pro-card\">\n  <div class=\"golf-pro-grid\">\n\n    <figure class=\"golf-pro-media\">\n      <img decoding=\"async\" src=\"\/wp-content\/uploads\/2026\/03\/FrankPortraitWebseite-1920w.jpg\" alt=\"Frank Wirtz Golfpro\">\n    <\/figure>\n\n    <div class=\"golf-pro-content\">\n      <h2 class=\"golf-pro-name\">Frank Wirtz<\/h2>\n      <p class=\"golf-pro-role\">Golf Teacher \/ Golf-Pro<\/p>\n\n      <div class=\"golf-pro-text\">\n        <p>\n          Frank Wirtz ist seit \u00fcber 20 Jahren als Golflehrer in Deutschland und im europ\u00e4ischen Ausland t\u00e4tig.\n        <\/p>\n        <p>\n          He coaches golfers of all abilities \u2013 from complete beginners to single-digit handicap players, as well as men\u2019s and women\u2019s teams and junior players.\n        <\/p>\n        <p>\n          Ab 2026 ist er ausschlie\u00dflich f\u00fcr unseren Golfclub als Head-Pro t\u00e4tig und leitet die Schnuppergolfstunden, die Platzreifekurse und das Jugendtraining.\n          Dar\u00fcber hinaus steht er selbstverst\u00e4ndlich auch f\u00fcr Trainerstunden zur Verf\u00fcgung.\n        <\/p>\n      <\/div>\n\n      <div class=\"golf-pro-info-grid\">\n        <div class=\"golf-pro-box\">\n          <h3>Contact Us<\/h3>\n          <p><strong>Phone<\/strong> <a href=\"tel:+491796768603\">0179 \/ 676 86 03<\/a><\/p>\n          <p><strong>Email<\/strong> <a href=\"mailto:wirtzfrank@yahoo.de\">wirtzfrank@yahoo.de<\/a><\/p>\n          <p><strong>Website:<\/strong> <a href=\"https:\/\/fwgolf.de\" target=\"_blank\" rel=\"noopener\">www.fwgolf.de<\/a><\/p>\n        <\/div>\n\n        <div class=\"golf-pro-box\">\n          <h3>Prices<\/h3>\n          <p>One person \u00b7 25 mins \u00b7 \u20ac34<\/p>\n          <p>One person \u00b7 50 mins \u00b7 \u20ac60<\/p>\n          <p>2 people \u00b7 50 mins \u00b7 \u20ac70<\/p>\n          <p>Group lessons (3\u20136 people) \u00b7 90 mins \u00b7 \u20ac160<\/p>\n          <p>Course management \u00b7 1 person \u00b7 9-hole short course \u00b7 \u20ac85<\/p>\n          <p>Course management \u00b7 2 people \u00b7 9-hole short course \u00b7 \u20ac95<\/p>\n        <\/div>\n      <\/div>\n\n      <!-- <div class=\"golf-pro-appointments\">\n        <h3>Termine<\/h3>\n        <p>FR 09.05.2025 \u00b7 SA 10.05.2025 \u00b7 SO 11.05.2025<\/p>\n        <p>FR 06.06.2025 \u00b7 SA 07.06.2025 \u00b7 SO 08.06.2025<\/p>\n        <p>FR 11.07.2025 \u00b7 SA 12.07.2025 \u00b7 SO 13.07.2025<\/p>\n        <p>FR 15.08.2025 \u00b7 SA 16.08.2025 \u00b7 SO 17.08.2025<\/p>\n        <p>FR 19.09.2025 \u00b7 SA 20.09.2025 \u00b7 SO 21.09.2025<\/p>\n      <\/div> -->\n    <\/div>\n\n  <\/div>\n<\/section>","protected":false},"excerpt":{"rendered":"<p>Frank Wirtz Golflehrer \/ Golf-Pro Frank Wirtz ist seit \u00fcber 20 Jahren als Golflehrer in Deutschland und im europ\u00e4ischen Ausland t\u00e4tig. Er unterrichtet Golfspieler aller Spielst\u00e4rken \u2013 vom absoluten Beginner bis hin zum einstelligen Handicap-Spieler, Damen- und Herrenmannschaften sowie Jugendspieler. Ab 2026 ist er ausschlie\u00dflich f\u00fcr unseren Golfclub als Head-Pro t\u00e4tig und leitet die Schnuppergolfstunden, [&hellip;]<\/p>\n","protected":false},"author":1,"featured_media":961,"parent":0,"menu_order":0,"comment_status":"closed","ping_status":"closed","template":"","meta":{"footnotes":""},"class_list":["post-482","page","type-page","status-publish","has-post-thumbnail","hentry"],"_links":{"self":[{"href":"https:\/\/golf-bw.de\/en\/wp-json\/wp\/v2\/pages\/482","targetHints":{"allow":["GET"]}}],"collection":[{"href":"https:\/\/golf-bw.de\/en\/wp-json\/wp\/v2\/pages"}],"about":[{"href":"https:\/\/golf-bw.de\/en\/wp-json\/wp\/v2\/types\/page"}],"author":[{"embeddable":true,"href":"https:\/\/golf-bw.de\/en\/wp-json\/wp\/v2\/users\/1"}],"replies":[{"embeddable":true,"href":"https:\/\/golf-bw.de\/en\/wp-json\/wp\/v2\/comments?post=482"}],"version-history":[{"count":6,"href":"https:\/\/golf-bw.de\/en\/wp-json\/wp\/v2\/pages\/482\/revisions"}],"predecessor-version":[{"id":2186,"href":"https:\/\/golf-bw.de\/en\/wp-json\/wp\/v2\/pages\/482\/revisions\/2186"}],"wp:featuredmedia":[{"embeddable":true,"href":"https:\/\/golf-bw.de\/en\/wp-json\/wp\/v2\/media\/961"}],"wp:attachment":[{"href":"https:\/\/golf-bw.de\/en\/wp-json\/wp\/v2\/media?parent=482"}],"curies":[{"name":"wp","href":"https:\/\/api.w.org\/{rel}","templated":true}]}}