{"id":504,"date":"2026-01-15T23:45:20","date_gmt":"2026-01-15T23:45:20","guid":{"rendered":"https:\/\/golfbwneu20267188.live-website.com\/angebot-clubwechsler\/"},"modified":"2026-03-24T12:49:46","modified_gmt":"2026-03-24T12:49:46","slug":"angebot-clubwechsler","status":"publish","type":"page","link":"https:\/\/golf-bw.de\/en\/angebot-clubwechsler\/","title":{"rendered":"Offer for players switching clubs"},"content":{"rendered":"<div class=\"wp-block-group content-card is-nowrap is-layout-flex wp-container-core-group-is-layout-6c531013 wp-block-group-is-layout-flex\">\n<p class=\"has-custom-akzent-color has-text-color has-link-color wp-elements-bfe6174173282be4d28ab99e19987f36\"><strong>Super-affordable membership in 2026 for a fantastic \u20ac89 per month&nbsp;<\/strong>(including all service charges)<\/p>\n\n\n\n<ul class=\"wp-block-list\">\n<li>unlimited use of the championship course<\/li>\n\n\n\n<li>free play at other courses<\/li>\n\n\n\n<li>Lots of discounts when playing at other golf courses<\/li>\n\n\n\n<li>Unlimited use of the short course (members can invite friends once for free!)<\/li>\n\n\n\n<li>Use of all training facilities<\/li>\n\n\n\n<li>Entry to all open tournaments at the members\u2019 rate<\/li>\n<\/ul>\n\n\n\n<p><strong>This offer can only be used once and cannot be repeated!<\/strong><\/p>\n\n\n\n<div class=\"wp-block-buttons is-layout-flex wp-block-buttons-is-layout-flex\">\n<div class=\"wp-block-button is-style-outline is-style-outline--1\"><a class=\"wp-block-button__link has-custom-leichte-abhebung-hintergrund-color has-custom-akzent-1-background-color has-text-color has-background has-link-color wp-element-button\" href=\"https:\/\/golfbwneu20267188.live-website.com\/anfrage-zur-mitgliedschaft\/\">Membership application<\/a><\/div>\n<\/div>\n<\/div>\n\n\n\n<div style=\"height:40px\" aria-hidden=\"true\" class=\"wp-block-spacer\"><\/div>\n\n\n\n<div class=\"wp-block-group golf-banner is-layout-constrained wp-block-group-is-layout-constrained\">\n<div class=\"wp-block-group is-nowrap is-layout-flex wp-container-core-group-is-layout-6c531013 wp-block-group-is-layout-flex\">\n<p><strong><strong>An overview of entries from subsequent years will be available here soon!<\/strong><\/strong><\/p>\n<\/div>\n<\/div>\n\n\n\n<div style=\"height:38px\" aria-hidden=\"true\" class=\"wp-block-spacer\"><\/div>\n\n\n\n<div class=\"wp-block-group golf-banner is-layout-constrained wp-block-group-is-layout-constrained\">\n<div class=\"wp-block-group is-nowrap is-layout-flex wp-container-core-group-is-layout-6c531013 wp-block-group-is-layout-flex\">\n<p class=\"has-custom-akzent-color has-text-color has-link-color wp-elements-9df60d0fff63e87aca1af705d4bd387f\"><strong>Are you interested in a long-term membership?<\/strong><\/p>\n\n\n\n<p>Please contact us directly at our <a href=\"https:\/\/golfbwneu20267188.live-website.com\/kontakt\/\" data-type=\"page\" data-id=\"632\">office<\/a>.<\/p>\n\n\n\n<p>We offer membership packages for <strong>1, 3 or 5 years<\/strong> .<\/p>\n\n\n\n<p>How to make the most of our <strong>best offers<\/strong>.<\/p>\n<\/div>\n<\/div>","protected":false},"excerpt":{"rendered":"<p>Superg\u00fcnstige Mitgliedschaft in 2026 f\u00fcr geniale 89,-\u20ac pro Monat&nbsp;(inkl. aller Nebenkosten) Dieses Angebot ist nur einmalig nutzbar und kann nicht wiederholt werden! \u00dcbersicht \u00fcber Beitr\u00e4ge der Folgejahre demn\u00e4chst hier! Interessieren Sie sich f\u00fcr eine l\u00e4ngerfristige Mitgliedschaft? Dann wenden Sie sich bitte direkt an unser Sekretariat. Wir bieten Mitgliedschaftspakete f\u00fcr 1, 3 oder 5 Jahre an. [&hellip;]<\/p>\n","protected":false},"author":1,"featured_media":2155,"parent":0,"menu_order":0,"comment_status":"closed","ping_status":"closed","template":"","meta":{"footnotes":""},"class_list":["post-504","page","type-page","status-publish","has-post-thumbnail","hentry"],"_links":{"self":[{"href":"https:\/\/golf-bw.de\/en\/wp-json\/wp\/v2\/pages\/504","targetHints":{"allow":["GET"]}}],"collection":[{"href":"https:\/\/golf-bw.de\/en\/wp-json\/wp\/v2\/pages"}],"about":[{"href":"https:\/\/golf-bw.de\/en\/wp-json\/wp\/v2\/types\/page"}],"author":[{"embeddable":true,"href":"https:\/\/golf-bw.de\/en\/wp-json\/wp\/v2\/users\/1"}],"replies":[{"embeddable":true,"href":"https:\/\/golf-bw.de\/en\/wp-json\/wp\/v2\/comments?post=504"}],"version-history":[{"count":9,"href":"https:\/\/golf-bw.de\/en\/wp-json\/wp\/v2\/pages\/504\/revisions"}],"predecessor-version":[{"id":2071,"href":"https:\/\/golf-bw.de\/en\/wp-json\/wp\/v2\/pages\/504\/revisions\/2071"}],"wp:featuredmedia":[{"embeddable":true,"href":"https:\/\/golf-bw.de\/en\/wp-json\/wp\/v2\/media\/2155"}],"wp:attachment":[{"href":"https:\/\/golf-bw.de\/en\/wp-json\/wp\/v2\/media?parent=504"}],"curies":[{"name":"wp","href":"https:\/\/api.w.org\/{rel}","templated":true}]}}