{"id":505,"date":"2026-01-15T23:45:39","date_gmt":"2026-01-15T23:45:39","guid":{"rendered":"https:\/\/golfbwneu20267188.live-website.com\/firmenmitgliedschaft\/"},"modified":"2026-03-24T12:49:58","modified_gmt":"2026-03-24T12:49:58","slug":"firmenmitgliedschaft","status":"publish","type":"page","link":"https:\/\/golf-bw.de\/en\/firmenmitgliedschaft\/","title":{"rendered":"Corporate membership"},"content":{"rendered":"<h2 class=\"wp-block-heading has-custom-akzent-color has-text-color has-link-color wp-elements-3253b41897d53507b5fd474048a4e800\" style=\"margin-top:0;margin-bottom:0\">Business package for companies<\/h2>\n\n\n\n<p style=\"margin-top:0;margin-right:0;margin-bottom:0;margin-left:0;padding-top:0;padding-right:var(--wp--preset--spacing--40);padding-bottom:0;padding-left:var(--wp--preset--spacing--40)\"><strong>Work-life balance at the highest level<\/strong><\/p>\n\n\n\n<div style=\"height:28px\" aria-hidden=\"true\" class=\"wp-block-spacer\"><\/div>\n\n\n\n<div class=\"wp-block-group content-card is-layout-constrained wp-block-group-is-layout-constrained\">\n<div class=\"wp-block-group is-nowrap is-layout-flex wp-container-core-group-is-layout-6c531013 wp-block-group-is-layout-flex\">\n<h3 class=\"wp-block-heading has-custom-text-prim-color has-text-color has-link-color wp-elements-44a038ee0ba5b46d2e54b245f86fd164\">Quota for small and medium-sized enterprises<\/h3>\n\n\n\n<p class=\"has-custom-akzent-color has-text-color has-link-color wp-elements-073b3e799efebff5a0f37d2c59fb7385\"><strong><strong>For businesses with up to 20 employees \u2013 from \u20ac999 per year<\/strong><\/strong><\/p>\n\n\n\n<ul class=\"wp-block-list\">\n<li>Use of the practice facilities and the short course included<\/li>\n\n\n\n<li>An introductory course led by experienced golfers for you and your staff is included<\/li>\n<\/ul>\n\n\n\n<hr class=\"wp-block-separator has-alpha-channel-opacity is-style-dots\"\/>\n\n\n\n<h3 class=\"wp-block-heading\">Customisable \u2013 tailored to your needs<\/h3>\n\n\n\n<p class=\"has-custom-akzent-color has-text-color has-link-color wp-elements-a4ec649fdfbfe1343eb737f1c369d2f3\"><strong>Optional at extra cost:<\/strong><\/p>\n\n\n\n<ul class=\"wp-block-list\">\n<li>Offers for family members<\/li>\n\n\n\n<li>Discounted golf licence courses<\/li>\n\n\n\n<li>Attractive membership fees for the championship course (for occasional and frequent players)<\/li>\n\n\n\n<li>Cart hire, club hire and practice balls can be included in the package<\/li>\n\n\n\n<li>Combining business packages with corporate events<\/li>\n\n\n\n<li>Unforgettable moments shared with your colleagues at our unique venue<\/li>\n\n\n\n<li>Enjoy the restaurant right next to the golf course, with its panoramic terrace in fine weather<\/li>\n<\/ul>\n<\/div>\n<\/div>\n\n\n\n<div style=\"height:28px\" aria-hidden=\"true\" class=\"wp-block-spacer\"><\/div>\n\n\n\n<div class=\"wp-block-group golf-banner is-layout-constrained wp-block-group-is-layout-constrained\">\n<div class=\"wp-block-group is-nowrap is-layout-flex wp-container-core-group-is-layout-6c531013 wp-block-group-is-layout-flex\">\n<h3 class=\"wp-block-heading\">Golf Business Concept<\/h3>\n\n\n\n<h5 class=\"wp-block-heading has-custom-akzent-color has-text-color has-link-color wp-elements-d099417c4659268563197ed839d4c31a\"><strong>More appreciation. More balance. More impact.<\/strong><\/h5>\n\n\n\n<p class=\"has-custom-text-prim-color has-text-color has-link-color wp-elements-144cb400c89b69bfe7bc90307bbbf7df\"><strong>Boost your company\u2019s image and make a long-term investment in your staff.<\/strong><\/p>\n\n\n\n<p>As a partner of our golf club, you can offer your employees a high-quality work-life balance programme that uniquely combines motivation, health and networking.<\/p>\n\n\n\n<p>Bridge the gap in the modern workplace \u2013 with a solution that appeals to customers, employees and business owners alike.<\/p>\n\n\n\n<hr class=\"wp-block-separator has-alpha-channel-opacity is-style-dots\"\/>\n<\/div>\n\n\n\n<div class=\"wp-block-group is-nowrap is-layout-flex wp-container-core-group-is-layout-6c531013 wp-block-group-is-layout-flex\">\n<h5 class=\"wp-block-heading has-custom-akzent-color has-text-color has-link-color wp-elements-ec17593c1cfdb569436c7aaabf983e0e\"><strong>An exclusive benefit for your business<\/strong><\/h5>\n\n\n\n<p>Our golf business concept stands for quality, appreciation and long-term staff retention.<br>It creates a space for interaction, relaxation and shared experiences \u2013 in an atmosphere that combines professionalism with a high quality of life.<\/p>\n\n\n\n<div class=\"wp-block-buttons is-layout-flex wp-block-buttons-is-layout-flex\">\n<div class=\"wp-block-button\"><a class=\"wp-block-button__link wp-element-button\" href=\"https:\/\/golfbwneu20267188.live-website.com\/wp-content\/uploads\/2026\/02\/2020_02_16_Business_20Golf.pdf\" target=\"_blank\" rel=\"noreferrer noopener\">Download the concept<\/a><\/div>\n<\/div>\n<\/div>\n<\/div>","protected":false},"excerpt":{"rendered":"<p>Businesspaket f\u00fcr Unternehmen Work-Life-Balance auf h\u00f6chstem Niveau Kontingent f\u00fcr kleine und mittlere Unternehmen F\u00fcr Unternehmen mit bis zu 20 Mitarbeitern \u2013 ab 999 \u20ac pro Jahr Individuell erweiterbar &#8211; ganz nach Ihren Bed\u00fcrfnissen Optional gegen Mehrpreis: Golfbusiness-Konzept Mehr Wertsch\u00e4tzung. Mehr Balance. Mehr Wirkung. St\u00e4rken Sie Ihr Unternehmensimage und investieren Sie nachhaltig in Ihre Mitarbeiter. Als [&hellip;]<\/p>\n","protected":false},"author":1,"featured_media":2155,"parent":0,"menu_order":0,"comment_status":"closed","ping_status":"closed","template":"","meta":{"footnotes":""},"class_list":["post-505","page","type-page","status-publish","has-post-thumbnail","hentry"],"_links":{"self":[{"href":"https:\/\/golf-bw.de\/en\/wp-json\/wp\/v2\/pages\/505","targetHints":{"allow":["GET"]}}],"collection":[{"href":"https:\/\/golf-bw.de\/en\/wp-json\/wp\/v2\/pages"}],"about":[{"href":"https:\/\/golf-bw.de\/en\/wp-json\/wp\/v2\/types\/page"}],"author":[{"embeddable":true,"href":"https:\/\/golf-bw.de\/en\/wp-json\/wp\/v2\/users\/1"}],"replies":[{"embeddable":true,"href":"https:\/\/golf-bw.de\/en\/wp-json\/wp\/v2\/comments?post=505"}],"version-history":[{"count":6,"href":"https:\/\/golf-bw.de\/en\/wp-json\/wp\/v2\/pages\/505\/revisions"}],"predecessor-version":[{"id":915,"href":"https:\/\/golf-bw.de\/en\/wp-json\/wp\/v2\/pages\/505\/revisions\/915"}],"wp:featuredmedia":[{"embeddable":true,"href":"https:\/\/golf-bw.de\/en\/wp-json\/wp\/v2\/media\/2155"}],"wp:attachment":[{"href":"https:\/\/golf-bw.de\/en\/wp-json\/wp\/v2\/media?parent=505"}],"curies":[{"name":"wp","href":"https:\/\/api.w.org\/{rel}","templated":true}]}}