{"id":506,"date":"2026-01-15T23:46:00","date_gmt":"2026-01-15T23:46:00","guid":{"rendered":"https:\/\/golfbwneu20267188.live-website.com\/sondermitgliedschaften\/"},"modified":"2026-03-24T12:50:23","modified_gmt":"2026-03-24T12:50:23","slug":"sondermitgliedschaften","status":"publish","type":"page","link":"https:\/\/golf-bw.de\/en\/sondermitgliedschaften\/","title":{"rendered":"Special memberships"},"content":{"rendered":"<div class=\"wp-block-group content-card is-layout-constrained wp-block-group-is-layout-constrained\">\n<div class=\"wp-block-group is-nowrap is-layout-flex wp-container-core-group-is-layout-6c531013 wp-block-group-is-layout-flex\">\n<h4 class=\"wp-block-heading\">Weekday membership for \u20ac1,050 per year<\/h4>\n\n\n\n<p class=\"has-custom-akzent-color has-text-color has-link-color wp-elements-4f4302cf0ecbea380ccf7b7f794f1ca0\"><strong>Contents<\/strong><\/p>\n\n\n\n<ul class=\"wp-block-list\">\n<li>Unlimited use of the short course (members can invite friends once free of charge)<\/li>\n\n\n\n<li>Use of all training facilities<\/li>\n\n\n\n<li>Entry to all open tournaments at the members\u2019 rate (except at weekends and on public holidays)<\/li>\n<\/ul>\n\n\n\n<div class=\"wp-block-buttons is-layout-flex wp-block-buttons-is-layout-flex\">\n<div class=\"wp-block-button is-style-outline is-style-outline--1\"><a class=\"wp-block-button__link has-custom-leichte-abhebung-hintergrund-color has-custom-akzent-1-background-color has-text-color has-background has-link-color wp-element-button\" href=\"https:\/\/golfbwneu20267188.live-website.com\/anfrage-zur-mitgliedschaft\/\" target=\"_blank\" rel=\"noreferrer noopener\">Membership application<\/a><\/div>\n<\/div>\n<\/div>\n<\/div>\n\n\n\n<div style=\"height:40px\" aria-hidden=\"true\" class=\"wp-block-spacer\"><\/div>\n\n\n\n<div class=\"wp-block-group content-card is-layout-constrained wp-block-group-is-layout-constrained\">\n<div class=\"wp-block-group is-nowrap is-layout-flex wp-container-core-group-is-layout-6c531013 wp-block-group-is-layout-flex\">\n<h4 class=\"wp-block-heading\">20 rounds of 9 holes for casual players<\/h4>\n\n\n\n<p class=\"has-custom-akzent-color has-text-color has-link-color wp-elements-cab8edafbce32aa1c6f3f5e86d3ae4c0\"><strong><strong>Affordable membership for occasional players for a fantastic \u20ac800 a year<\/strong><\/strong><\/p>\n\n\n\n<ul class=\"wp-block-list\">\n<li>20\u00d7 9-hole round on the championship course<\/li>\n\n\n\n<li>Unlimited use of the short course (members can invite friends once free of charge)<\/li>\n\n\n\n<li>Use of all training facilities<\/li>\n\n\n\n<li>Entry to all open tournaments at the members\u2019 rate<\/li>\n<\/ul>\n\n\n\n<p class=\"has-custom-akzent-color has-text-color has-link-color wp-elements-e4b061023e5a6438b45195ca710ea6ee\"><strong>We are proud of our club life \u2013 a diverse community.<\/strong><\/p>\n\n\n\n<div class=\"wp-block-buttons is-layout-flex wp-block-buttons-is-layout-flex\">\n<div class=\"wp-block-button is-style-outline is-style-outline--2\"><a class=\"wp-block-button__link has-custom-leichte-abhebung-hintergrund-color has-custom-akzent-1-background-color has-text-color has-background has-link-color wp-element-button\" href=\"https:\/\/golfbwneu20267188.live-website.com\/anfrage-zur-mitgliedschaft\/\" target=\"_blank\" rel=\"noreferrer noopener\">Membership application<\/a><\/div>\n<\/div>\n<\/div>\n<\/div>","protected":false},"excerpt":{"rendered":"<p>Wochentags-Mitgliedschaft f\u00fcr 1.050,- \u20ac pro Jahr Inhalte 20 mal 9-Loch f\u00fcr Wenig-Spieler G\u00fcnstige Wenig-Spieler-Mitgliedschaft f\u00fcr geniale 800,-\u20ac pro Jahr Wir sind stolz auf unser Clubleben \u2013 eine vielschichtige Gemeinschaft.<\/p>","protected":false},"author":1,"featured_media":2155,"parent":0,"menu_order":0,"comment_status":"closed","ping_status":"closed","template":"","meta":{"footnotes":""},"class_list":["post-506","page","type-page","status-publish","has-post-thumbnail","hentry"],"_links":{"self":[{"href":"https:\/\/golf-bw.de\/en\/wp-json\/wp\/v2\/pages\/506","targetHints":{"allow":["GET"]}}],"collection":[{"href":"https:\/\/golf-bw.de\/en\/wp-json\/wp\/v2\/pages"}],"about":[{"href":"https:\/\/golf-bw.de\/en\/wp-json\/wp\/v2\/types\/page"}],"author":[{"embeddable":true,"href":"https:\/\/golf-bw.de\/en\/wp-json\/wp\/v2\/users\/1"}],"replies":[{"embeddable":true,"href":"https:\/\/golf-bw.de\/en\/wp-json\/wp\/v2\/comments?post=506"}],"version-history":[{"count":12,"href":"https:\/\/golf-bw.de\/en\/wp-json\/wp\/v2\/pages\/506\/revisions"}],"predecessor-version":[{"id":2073,"href":"https:\/\/golf-bw.de\/en\/wp-json\/wp\/v2\/pages\/506\/revisions\/2073"}],"wp:featuredmedia":[{"embeddable":true,"href":"https:\/\/golf-bw.de\/en\/wp-json\/wp\/v2\/media\/2155"}],"wp:attachment":[{"href":"https:\/\/golf-bw.de\/en\/wp-json\/wp\/v2\/media?parent=506"}],"curies":[{"name":"wp","href":"https:\/\/api.w.org\/{rel}","templated":true}]}}